{"id":2903,"date":"2021-09-12T15:10:27","date_gmt":"2021-09-12T15:10:27","guid":{"rendered":"https:\/\/homevap.wp.staat-klaar.nl\/?page_id=2903"},"modified":"2021-09-14T16:00:20","modified_gmt":"2021-09-14T16:00:20","slug":"fordern-sie-einen-full-service-wartungsvertrag-an","status":"publish","type":"page","link":"https:\/\/www.homevap.nl\/de\/wartung\/fordern-sie-einen-full-service-wartungsvertrag-an\/","title":{"rendered":"Fordern Sie einen Full-Service-Wartungsvertrag an"},"content":{"rendered":"<div data-elementor-type=\"wp-page\" data-elementor-id=\"2903\" class=\"elementor elementor-2903\">\n\t\t\t\t\t\t\t\t\t<section class=\"elementor-section elementor-top-section elementor-element elementor-element-c964dda elementor-section-boxed elementor-section-height-default elementor-section-height-default\" data-id=\"c964dda\" data-element_type=\"section\" data-settings=\"{&quot;jet_parallax_layout_list&quot;:[{&quot;jet_parallax_layout_image&quot;:{&quot;url&quot;:&quot;&quot;,&quot;id&quot;:&quot;&quot;,&quot;size&quot;:&quot;&quot;},&quot;_id&quot;:&quot;f325ca5&quot;,&quot;jet_parallax_layout_image_tablet&quot;:{&quot;url&quot;:&quot;&quot;,&quot;id&quot;:&quot;&quot;,&quot;size&quot;:&quot;&quot;},&quot;jet_parallax_layout_image_mobile&quot;:{&quot;url&quot;:&quot;&quot;,&quot;id&quot;:&quot;&quot;,&quot;size&quot;:&quot;&quot;},&quot;jet_parallax_layout_speed&quot;:{&quot;unit&quot;:&quot;%&quot;,&quot;size&quot;:50,&quot;sizes&quot;:[]},&quot;jet_parallax_layout_type&quot;:&quot;scroll&quot;,&quot;jet_parallax_layout_direction&quot;:&quot;1&quot;,&quot;jet_parallax_layout_fx_direction&quot;:null,&quot;jet_parallax_layout_z_index&quot;:&quot;&quot;,&quot;jet_parallax_layout_bg_x&quot;:50,&quot;jet_parallax_layout_bg_x_tablet&quot;:&quot;&quot;,&quot;jet_parallax_layout_bg_x_mobile&quot;:&quot;&quot;,&quot;jet_parallax_layout_bg_y&quot;:50,&quot;jet_parallax_layout_bg_y_tablet&quot;:&quot;&quot;,&quot;jet_parallax_layout_bg_y_mobile&quot;:&quot;&quot;,&quot;jet_parallax_layout_bg_size&quot;:&quot;auto&quot;,&quot;jet_parallax_layout_bg_size_tablet&quot;:&quot;&quot;,&quot;jet_parallax_layout_bg_size_mobile&quot;:&quot;&quot;,&quot;jet_parallax_layout_animation_prop&quot;:&quot;transform&quot;,&quot;jet_parallax_layout_on&quot;:[&quot;desktop&quot;,&quot;tablet&quot;]}]}\">\r\n\t\t\t\r\n\t\t\t\t\t\t\t\t\t<div class=\"elementor-container elementor-column-gap-default\">\r\n\t\t\t\t\t\t\t\t\t\t\t\t\t<\/div>\r\n\t\t\t\t<\/section>\r\n\t\t\t\t<section class=\"elementor-section elementor-top-section elementor-element elementor-element-45c46a4 elementor-section-boxed elementor-section-height-default elementor-section-height-default\" data-id=\"45c46a4\" data-element_type=\"section\" data-settings=\"{&quot;jet_parallax_layout_list&quot;:[{&quot;jet_parallax_layout_image&quot;:{&quot;url&quot;:&quot;&quot;,&quot;id&quot;:&quot;&quot;,&quot;size&quot;:&quot;&quot;},&quot;_id&quot;:&quot;44160f7&quot;,&quot;jet_parallax_layout_image_tablet&quot;:{&quot;url&quot;:&quot;&quot;,&quot;id&quot;:&quot;&quot;,&quot;size&quot;:&quot;&quot;},&quot;jet_parallax_layout_image_mobile&quot;:{&quot;url&quot;:&quot;&quot;,&quot;id&quot;:&quot;&quot;,&quot;size&quot;:&quot;&quot;},&quot;jet_parallax_layout_speed&quot;:{&quot;unit&quot;:&quot;%&quot;,&quot;size&quot;:50,&quot;sizes&quot;:[]},&quot;jet_parallax_layout_type&quot;:&quot;scroll&quot;,&quot;jet_parallax_layout_direction&quot;:&quot;1&quot;,&quot;jet_parallax_layout_fx_direction&quot;:null,&quot;jet_parallax_layout_z_index&quot;:&quot;&quot;,&quot;jet_parallax_layout_bg_x&quot;:50,&quot;jet_parallax_layout_bg_x_tablet&quot;:&quot;&quot;,&quot;jet_parallax_layout_bg_x_mobile&quot;:&quot;&quot;,&quot;jet_parallax_layout_bg_y&quot;:50,&quot;jet_parallax_layout_bg_y_tablet&quot;:&quot;&quot;,&quot;jet_parallax_layout_bg_y_mobile&quot;:&quot;&quot;,&quot;jet_parallax_layout_bg_size&quot;:&quot;auto&quot;,&quot;jet_parallax_layout_bg_size_tablet&quot;:&quot;&quot;,&quot;jet_parallax_layout_bg_size_mobile&quot;:&quot;&quot;,&quot;jet_parallax_layout_animation_prop&quot;:&quot;transform&quot;,&quot;jet_parallax_layout_on&quot;:[&quot;desktop&quot;,&quot;tablet&quot;]}],&quot;background_background&quot;:&quot;classic&quot;}\">\r\n\t\t\t\r\n\t\t\t\t\t\t\t\t\t<div class=\"elementor-container elementor-column-gap-default\">\r\n\t\t\t\t\t\t\t\t\t\t\t<div class=\"elementor-column elementor-col-100 elementor-top-column elementor-element elementor-element-7ff1a82\" data-id=\"7ff1a82\" data-element_type=\"column\">\r\n\r\n\t\t\t\t\t<div class=\"elementor-widget-wrap elementor-element-populated\">\r\n\t\t\t\t\t\t\t\t<div class=\"elementor-element elementor-element-26c2227 elementor-widget elementor-widget-wp-widget-rev-slider-widget\" data-id=\"26c2227\" data-element_type=\"widget\" data-widget_type=\"wp-widget-rev-slider-widget.default\">\n\t\t\t\t<div class=\"elementor-widget-container\">\n\t\t\t\n\t\t\t<!-- START Onderhoud (HEP) REVOLUTION SLIDER 6.7.36 --><p class=\"rs-p-wp-fix\"><\/p>\n\t\t\t<rs-module-wrap id=\"rev_slider_21_1_wrapper\" data-source=\"gallery\" style=\"visibility:hidden;background:#dddddd;padding:0;margin:0px auto;margin-top:0;margin-bottom:0;\">\n\t\t\t\t<rs-module id=\"rev_slider_21_1\" style=\"\" data-version=\"6.7.36\">\n\t\t\t\t\t<rs-slides style=\"overflow: hidden; position: absolute;\">\n\t\t\t\t\t\t<rs-slide style=\"position: absolute;\" data-key=\"rs-63\" data-title=\"Slide\" data-anim=\"adpr:false;\" data-in=\"o:0;\" data-out=\"a:false;\">\n\t\t\t\t\t\t\t<img decoding=\"async\" src=\"\/\/www.homevap.nl\/wp-content\/plugins\/revslider\/sr6\/assets\/assets\/dummy.png\" alt=\"\" title=\"Servicetechniker, der die Heizungsanlage des Hauses einstellt\" width=\"1920\" height=\"1280\" class=\"rev-slidebg tp-rs-img rs-lazyload no-lazyload\" data-lazyload=\"\/\/www.homevap.nl\/wp-content\/uploads\/2021\/07\/service-man-adjusting-house-heating-system-scaled.jpg\" data-bg=\"p:right center;\" data-panzoom=\"d:20000;ss:110;se:110;oe:300\/0;\" data-no-retina>\n<!--\t\t\t\t\t\t--><rs-zone id=\"rrzm_63\" class=\"rev_row_zone_middle\" style=\"z-index: 13;\"><!--\n\n\t\t\t\t\t\t\t\t--><rs-row\n\t\t\t\t\t\t\t\t\tid=\"slider-21-slide-63-layer-1\" \n\t\t\t\t\t\t\t\t\tdata-type=\"row\"\n\t\t\t\t\t\t\t\t\tdata-xy=\"y:b;yo:683px;\"\n\t\t\t\t\t\t\t\t\tdata-text=\"l:22;a:inherit;\"\n\t\t\t\t\t\t\t\t\tdata-dim=\"w:1240;\"\n\t\t\t\t\t\t\t\t\tdata-rsp_bd=\"off\"\n\t\t\t\t\t\t\t\t\tdata-margin=\"b:50,50,0,0;\"\n\t\t\t\t\t\t\t\t\tdata-padding=\"r:40,40,30,30;b:0,0,50,50;l:40,40,30,30;\"\n\t\t\t\t\t\t\t\t\tdata-frame_0=\"x:50px;\"\n\t\t\t\t\t\t\t\t\tdata-frame_1=\"e:power4.out;sp:2000;sR:10;\"\n\t\t\t\t\t\t\t\t\tdata-frame_999=\"o:0;e:power4.out;st:w;sR:7990;sA:10000;\"\n\t\t\t\t\t\t\t\t\tstyle=\"z-index:1;\"\n\t\t\t\t\t\t\t\t><!--\n\t\t\t\t\t\t\t\t\t--><rs-column\n\t\t\t\t\t\t\t\t\t\tid=\"slider-21-slide-63-layer-2\" \n\t\t\t\t\t\t\t\t\t\tdata-type=\"column\"\n\t\t\t\t\t\t\t\t\t\tdata-xy=\"xo:100px;yo:100px;\"\n\t\t\t\t\t\t\t\t\t\tdata-text=\"l:22;a:inherit;\"\n\t\t\t\t\t\t\t\t\t\tdata-rsp_bd=\"off\"\n\t\t\t\t\t\t\t\t\t\tdata-column=\"w:40%;\"\n\t\t\t\t\t\t\t\t\t\tdata-frame_999=\"o:0;st:w;sR:9690;sA:10000;\"\n\t\t\t\t\t\t\t\t\t\tstyle=\"z-index:2;background-color:rgba(35,57,162,0.73);width:100%;\"\n\t\t\t\t\t\t\t\t\t><!--\n\t\t\t\t\t\t\t\t\t\t--><rs-layer\n\t\t\t\t\t\t\t\t\t\t\tid=\"slider-21-slide-63-layer-7\" \n\t\t\t\t\t\t\t\t\t\t\tdata-type=\"text\"\n\t\t\t\t\t\t\t\t\t\t\tdata-rsp_ch=\"on\"\n\t\t\t\t\t\t\t\t\t\t\tdata-xy=\"\"\n\t\t\t\t\t\t\t\t\t\t\tdata-pos=\"r\"\n\t\t\t\t\t\t\t\t\t\t\tdata-text=\"w:normal,normal,normal,normal;s:25;fw:500;a:inherit;\"\n\t\t\t\t\t\t\t\t\t\t\tdata-margin=\"t:30;l:40,20,20,20;\"\n\t\t\t\t\t\t\t\t\t\t\tdata-frame_999=\"o:0;st:w;sR:9690;\"\n\t\t\t\t\t\t\t\t\t\t\tstyle=\"z-index:3;font-family:'Poppins';\"\n\t\t\t\t\t\t\t\t\t\t><br \/>\nInstandhaltung \n\t\t\t\t\t\t\t\t\t\t<\/rs-layer><!--\n\n\t\t\t\t\t\t\t\t\t\t--><rs-layer\n\t\t\t\t\t\t\t\t\t\t\tid=\"slider-21-slide-63-layer-9\" \n\t\t\t\t\t\t\t\t\t\t\tdata-type=\"text\"\n\t\t\t\t\t\t\t\t\t\t\tdata-rsp_ch=\"on\"\n\t\t\t\t\t\t\t\t\t\t\tdata-xy=\"xo:10px;yo:10px;\"\n\t\t\t\t\t\t\t\t\t\t\tdata-pos=\"r\"\n\t\t\t\t\t\t\t\t\t\t\tdata-text=\"w:normal;s:15;a:inherit;\"\n\t\t\t\t\t\t\t\t\t\t\tdata-margin=\"t:30;r:40;b:20;l:40,20,20,20;\"\n\t\t\t\t\t\t\t\t\t\t\tdata-frame_999=\"o:0;st:w;sR:9990;\"\n\t\t\t\t\t\t\t\t\t\t\tstyle=\"z-index:5;font-family:'Poppins';\"\n\t\t\t\t\t\t\t\t\t\t> \n\t\t\t\t\t\t\t\t\t\t<\/rs-layer><!--\n\n\t\t\t\t\t\t\t\t\t\t--><rs-layer\n\t\t\t\t\t\t\t\t\t\t\tid=\"slider-21-slide-63-layer-13\" \n\t\t\t\t\t\t\t\t\t\t\tclass=\"tp-shape tp-shapewrapper\"\n\t\t\t\t\t\t\t\t\t\t\tdata-type=\"shape\"\n\t\t\t\t\t\t\t\t\t\t\tdata-rsp_ch=\"on\"\n\t\t\t\t\t\t\t\t\t\t\tdata-xy=\"\"\n\t\t\t\t\t\t\t\t\t\t\tdata-pos=\"r\"\n\t\t\t\t\t\t\t\t\t\t\tdata-text=\"w:normal;fw:500;a:inherit;\"\n\t\t\t\t\t\t\t\t\t\t\tdata-dim=\"w:100%;h:10px;\"\n\t\t\t\t\t\t\t\t\t\t\tdata-frame_999=\"o:0;st:w;sR:9690;\"\n\t\t\t\t\t\t\t\t\t\t\tstyle=\"z-index:6;\"\n\t\t\t\t\t\t\t\t\t\t> \n\t\t\t\t\t\t\t\t\t\t<\/rs-layer><!--\n\t\t\t\t\t\t\t\t\t--><\/rs-column><!--\n\n\t\t\t\t\t\t\t\t\t--><rs-column\n\t\t\t\t\t\t\t\t\t\tid=\"slider-21-slide-63-layer-3\" \n\t\t\t\t\t\t\t\t\t\tdata-type=\"column\"\n\t\t\t\t\t\t\t\t\t\tdata-xy=\"xo:100px;yo:100px;\"\n\t\t\t\t\t\t\t\t\t\tdata-text=\"l:22;a:inherit;\"\n\t\t\t\t\t\t\t\t\t\tdata-rsp_bd=\"off\"\n\t\t\t\t\t\t\t\t\t\tdata-column=\"w:66.67%;\"\n\t\t\t\t\t\t\t\t\t\tdata-frame_999=\"o:0;st:w;sR:9690;sA:10000;\"\n\t\t\t\t\t\t\t\t\t\tstyle=\"z-index:7;width:100%;\"\n\t\t\t\t\t\t\t\t\t><!--\t\t\t\t\t\t\t\t\t--><\/rs-column><!--\n\t\t\t\t\t\t\t\t--><\/rs-row><!--\n\t\t\t\t\t\t\t--><\/rs-zone><!--\n-->\t\t\t\t\t<\/rs-slide>\n\t\t\t\t\t<\/rs-slides>\n\t\t\t\t\t<rs-static-layers class=\"rs-stl-visible\"><!--\n\t\t\t\t\t--><\/rs-static-layers>\n\t\t\t\t<\/rs-module>\n\t\t\t\t<script>\n\t\t\t\t\tsetREVStartSize({c: 'rev_slider_21_1',rl:[1240,1024,778,480],el:[300,300,300,300],gw:[1240,1024,778,480],gh:[300,300,300,300],type:'standard',justify:'',layout:'fullwidth',mh:\"0\"});if (window.RS_MODULES!==undefined && window.RS_MODULES.modules!==undefined && window.RS_MODULES.modules[\"revslider211\"]!==undefined) {window.RS_MODULES.modules[\"revslider211\"].once = false;window.revapi21 = undefined;if (window.RS_MODULES.checkMinimal!==undefined) window.RS_MODULES.checkMinimal()}\n\t\t\t\t<\/script>\n\t\t\t<\/rs-module-wrap>\n\t\t\t<!-- END REVOLUTION SLIDER -->\n\t\t<\/div>\n\t\t\t\t<\/div>\n\t\t\t\t<div class=\"elementor-element elementor-element-286e3ff elementor-widget elementor-widget-heading\" data-id=\"286e3ff\" data-element_type=\"widget\" data-widget_type=\"heading.default\">\n\t\t\t\t<div class=\"elementor-widget-container\">\n\t\t\t<h2 class=\"elementor-heading-title elementor-size-default\">Fordern Sie einen Full-Service-Wartungsvertrag an<\/h2>\t\t<\/div>\n\t\t\t\t<\/div>\n\t\t\t\t<div class=\"elementor-element elementor-element-6884acf elementor-widget elementor-widget-text-editor\" data-id=\"6884acf\" data-element_type=\"widget\" data-widget_type=\"text-editor.default\">\n\t\t\t\t<div class=\"elementor-widget-container\">\n\t\t\t\t\t\t\t<p><span style=\"font-size: 18px; letter-spacing: 0px; color: var( --e-global-color-text ); font-family: var( --e-global-typography-text-font-family ), Poppins; font-weight: var( --e-global-typography-text-font-weight );\">Vielen Dank f\u00fcr Ihr Interesse am Full-Service-Wartungsvertrag.<br \/><\/span><span style=\"font-size: 18px;\">Sie m\u00f6chten das untenstehende Antragsformular m\u00f6glichst vollst\u00e4ndig ausf\u00fcllen? Dann werden wir Sie kontaktieren.\u00a0<\/span><\/p>\t\t\t\t\t\t<\/div>\n\t\t\t\t<\/div>\n\t\t\t\t\t<\/div>\r\n\t\t\t\t<\/div>\r\n\t\t\t\t\t\t<\/div>\r\n\t\t\t\t<\/section>\r\n\t\t\t\t<section class=\"elementor-section elementor-top-section elementor-element elementor-element-18344fe elementor-section-boxed elementor-section-height-default elementor-section-height-default\" data-id=\"18344fe\" data-element_type=\"section\" data-settings=\"{&quot;jet_parallax_layout_list&quot;:[{&quot;jet_parallax_layout_image&quot;:{&quot;url&quot;:&quot;&quot;,&quot;id&quot;:&quot;&quot;,&quot;size&quot;:&quot;&quot;},&quot;_id&quot;:&quot;35cf60b&quot;,&quot;jet_parallax_layout_image_tablet&quot;:{&quot;url&quot;:&quot;&quot;,&quot;id&quot;:&quot;&quot;,&quot;size&quot;:&quot;&quot;},&quot;jet_parallax_layout_image_mobile&quot;:{&quot;url&quot;:&quot;&quot;,&quot;id&quot;:&quot;&quot;,&quot;size&quot;:&quot;&quot;},&quot;jet_parallax_layout_speed&quot;:{&quot;unit&quot;:&quot;%&quot;,&quot;size&quot;:50,&quot;sizes&quot;:[]},&quot;jet_parallax_layout_type&quot;:&quot;scroll&quot;,&quot;jet_parallax_layout_direction&quot;:&quot;1&quot;,&quot;jet_parallax_layout_fx_direction&quot;:null,&quot;jet_parallax_layout_z_index&quot;:&quot;&quot;,&quot;jet_parallax_layout_bg_x&quot;:50,&quot;jet_parallax_layout_bg_x_tablet&quot;:&quot;&quot;,&quot;jet_parallax_layout_bg_x_mobile&quot;:&quot;&quot;,&quot;jet_parallax_layout_bg_y&quot;:50,&quot;jet_parallax_layout_bg_y_tablet&quot;:&quot;&quot;,&quot;jet_parallax_layout_bg_y_mobile&quot;:&quot;&quot;,&quot;jet_parallax_layout_bg_size&quot;:&quot;auto&quot;,&quot;jet_parallax_layout_bg_size_tablet&quot;:&quot;&quot;,&quot;jet_parallax_layout_bg_size_mobile&quot;:&quot;&quot;,&quot;jet_parallax_layout_animation_prop&quot;:&quot;transform&quot;,&quot;jet_parallax_layout_on&quot;:[&quot;desktop&quot;,&quot;tablet&quot;]}]}\">\r\n\t\t\t\r\n\t\t\t\t\t\t\t\t\t<div class=\"elementor-container elementor-column-gap-default\">\r\n\t\t\t\t\t\t\t\t\t\t\t<div class=\"elementor-column elementor-col-100 elementor-top-column elementor-element elementor-element-c7eb4bf\" data-id=\"c7eb4bf\" data-element_type=\"column\">\r\n\r\n\t\t\t\t\t<div class=\"elementor-widget-wrap elementor-element-populated\">\r\n\t\t\t\t\t\t\t\t<div class=\"elementor-element elementor-element-7cf142c elementor-widget elementor-widget-heading\" data-id=\"7cf142c\" data-element_type=\"widget\" data-settings=\"{&quot;_animation_delay&quot;:600,&quot;_animation&quot;:&quot;none&quot;}\" data-widget_type=\"heading.default\">\n\t\t\t\t<div class=\"elementor-widget-container\">\n\t\t\t<h2 class=\"elementor-heading-title elementor-size-default\">Anfrageformular Full-Service-Wartungsvertrag<\/h2>\t\t<\/div>\n\t\t\t\t<\/div>\n\t\t\t\t<div class=\"elementor-element elementor-element-e0767cc elementor-widget elementor-widget-wp-widget-wpforms-widget\" data-id=\"e0767cc\" data-element_type=\"widget\" data-widget_type=\"wp-widget-wpforms-widget.default\">\n\t\t\t\t<div class=\"elementor-widget-container\">\n\t\t\t<div class=\"wpforms-container wpforms-container-full wpforms-form-abandonment\" id=\"wpforms-2892\"><form id=\"wpforms-form-2892\" class=\"wpforms-validate wpforms-form\" data-formid=\"2892\" method=\"post\" enctype=\"multipart\/form-data\" action=\"\/de\/wp-json\/wp\/v2\/pages\/2903\" data-token=\"8acadb1c77e129fb2ceb300d82107a9a\" data-trp-original-action=\"\/de\/wp-json\/wp\/v2\/pages\/2903\"><noscript class=\"wpforms-error-noscript\">Bitte aktivieren Sie JavaScript in Ihrem Browser, um dieses Formular fertigzustellen.<\/noscript><div class=\"wpforms-field-container\"><div id=\"wpforms-2892-field_0-container\" class=\"wpforms-field wpforms-field-name\" data-field-id=\"0\"><div class=\"wpforms-field-row wpforms-field-medium\"><div class=\"wpforms-field-row-block wpforms-first wpforms-one-half\"><input type=\"text\" id=\"wpforms-2892-field_0\" class=\"wpforms-field-name-first wpforms-field-required\" name=\"wpforms[fields][0][first]\" placeholder=\"Vorname\" required><label for=\"wpforms-2892-field_0\" class=\"wpforms-field-sublabel after wpforms-sublabel-hide\">Name<\/label><\/div><div class=\"wpforms-field-row-block wpforms-one-half\"><input type=\"text\" id=\"wpforms-2892-field_0-last\" class=\"wpforms-field-name-last wpforms-field-required\" name=\"wpforms[fields][0][last]\" placeholder=\"Nachname\" required><label for=\"wpforms-2892-field_0-last\" class=\"wpforms-field-sublabel after wpforms-sublabel-hide\">Nachname<\/label><\/div><\/div><\/div><div id=\"wpforms-2892-field_3-container\" class=\"wpforms-field wpforms-field-text\" data-field-id=\"3\"><input type=\"text\" id=\"wpforms-2892-field_3\" class=\"wpforms-field-medium\" name=\"wpforms[fields][3]\" placeholder=\"Name der Firma\" ><\/div><div id=\"wpforms-2892-field_6-container\" class=\"wpforms-field wpforms-field-phone\" data-field-id=\"6\"><label class=\"wpforms-field-label wpforms-label-hide\" for=\"wpforms-2892-field_6\">Telefon<\/label><input type=\"tel\" id=\"wpforms-2892-field_6\" class=\"wpforms-field-medium wpforms-smart-phone-field\" data-rule-smart-phone-field=\"true\" name=\"wpforms[fields][6]\" placeholder=\"Telefonnummer\" ><\/div><div id=\"wpforms-2892-field_1-container\" class=\"wpforms-field wpforms-field-email\" data-field-id=\"1\"><input type=\"email\" id=\"wpforms-2892-field_1\" class=\"wpforms-field-medium wpforms-field-required\" name=\"wpforms[fields][1]\" placeholder=\"Email\" required><\/div><div id=\"wpforms-2892-field_4-container\" class=\"wpforms-field wpforms-field-text\" data-field-id=\"4\"><input type=\"text\" id=\"wpforms-2892-field_4\" class=\"wpforms-field-medium\" name=\"wpforms[fields][4]\" placeholder=\"Was f\u00fcr einen Luftbefeuchter oder K\u00fchler verwendest du? (Bitte Typ, Typ, Marke eintragen)\" ><\/div><div id=\"wpforms-2892-field_5-container\" class=\"wpforms-field wpforms-field-text\" data-field-id=\"5\"><input type=\"text\" id=\"wpforms-2892-field_5\" class=\"wpforms-field-medium\" name=\"wpforms[fields][5]\" placeholder=\"Wo wird das Produkt verwendet?\" ><\/div><div id=\"wpforms-2892-field_2-container\" class=\"wpforms-field wpforms-field-textarea\" data-field-id=\"2\"><textarea id=\"wpforms-2892-field_2\" class=\"wpforms-field-medium wpforms-field-required\" name=\"wpforms[fields][2]\" placeholder=\"Kommentar oder Nachricht\" required><\/textarea><\/div><\/div><div class=\"wpforms-submit-container\" ><input type=\"hidden\" name=\"wpforms[id]\" value=\"2892\"><input type=\"hidden\" name=\"wpforms[author]\" value=\"1\"><button type=\"submit\" name=\"wpforms[submit]\" class=\"wpforms-submit\" id=\"wpforms-submit-2892\" value=\"wpforms-submit\" aria-live=\"assertive\" data-alt-text=\"Verzenden...\" data-submit-text=\"Verstuur\">Senden<\/button><\/div><input type=\"hidden\" name=\"trp-form-language\" value=\"de\"\/><\/form><\/div>  <!-- .wpforms-container -->\t\t<\/div>\n\t\t\t\t<\/div>\n\t\t\t\t\t<\/div>\r\n\t\t\t\t<\/div>\r\n\t\t\t\t\t\t<\/div>\r\n\t\t\t\t<\/section>\r\n\t\t\t\t\t\t\t<\/div>","protected":false},"excerpt":{"rendered":"<p>Full-Service-Wartungsvertrag anfordern Vielen Dank f\u00fcr Ihr Interesse am Full-Service-Wartungsvertrag Sie m\u00f6chten das untenstehende Antragsformular m\u00f6glichst vollst\u00e4ndig ausf\u00fcllen? Dann werden wir Sie kontaktieren. Anfrageformular Full-Service-Wartungsvertrag<\/p>","protected":false},"author":1,"featured_media":0,"parent":590,"menu_order":0,"comment_status":"closed","ping_status":"closed","template":"","meta":{"footnotes":"","_links_to":"","_links_to_target":""},"class_list":["post-2903","page","type-page","status-publish","hentry"],"yoast_head":"<!-- This site is optimized with the Yoast SEO plugin v25.7 - https:\/\/yoast.com\/wordpress\/plugins\/seo\/ -->\n<title>full service onderhoudscontract aanvragen - Homevap<\/title>\n<meta name=\"robots\" content=\"index, follow, max-snippet:-1, max-image-preview:large, max-video-preview:-1\" \/>\n<link rel=\"canonical\" href=\"https:\/\/www.homevap.nl\/de\/wartung\/fordern-sie-einen-full-service-wartungsvertrag-an\/\" \/>\n<meta property=\"og:locale\" content=\"de_DE\" \/>\n<meta property=\"og:type\" content=\"article\" \/>\n<meta property=\"og:title\" content=\"full service onderhoudscontract aanvragen - Homevap\" \/>\n<meta property=\"og:description\" content=\"Full service onderhoudscontract aanvragen Dankjewel voor jouw interesse in het full service onderhoudscontract.Wil je onderstaand aanvraagformulier zo volledig mogelijk invullen? Dan nemen wij contact met je op.\u00a0 Aanvraagformulier full-service onderhoudscontract\" \/>\n<meta property=\"og:url\" content=\"https:\/\/www.homevap.nl\/de\/wartung\/fordern-sie-einen-full-service-wartungsvertrag-an\/\" \/>\n<meta property=\"og:site_name\" content=\"Homevap\" \/>\n<meta property=\"article:publisher\" content=\"https:\/\/www.facebook.com\/profile.php?id=61572336793285\" \/>\n<meta property=\"article:modified_time\" content=\"2021-09-14T16:00:20+00:00\" \/>\n<meta name=\"twitter:card\" content=\"summary_large_image\" \/>\n<meta name=\"twitter:label1\" content=\"Gesch\u00e4tzte Lesezeit\" \/>\n\t<meta name=\"twitter:data1\" content=\"1\u00a0Minute\" \/>\n<script type=\"application\/ld+json\" class=\"yoast-schema-graph\">{\"@context\":\"https:\/\/schema.org\",\"@graph\":[{\"@type\":\"WebPage\",\"@id\":\"https:\/\/www.homevap.nl\/de\/onderhoud\/full-service-onderhoudscontract-aanvragen\/\",\"url\":\"https:\/\/www.homevap.nl\/de\/onderhoud\/full-service-onderhoudscontract-aanvragen\/\",\"name\":\"full service onderhoudscontract aanvragen - Homevap\",\"isPartOf\":{\"@id\":\"https:\/\/www.homevap.nl\/#website\"},\"datePublished\":\"2021-09-12T15:10:27+00:00\",\"dateModified\":\"2021-09-14T16:00:20+00:00\",\"breadcrumb\":{\"@id\":\"https:\/\/www.homevap.nl\/de\/onderhoud\/full-service-onderhoudscontract-aanvragen\/#breadcrumb\"},\"inLanguage\":\"de\",\"potentialAction\":[{\"@type\":\"ReadAction\",\"target\":[\"https:\/\/www.homevap.nl\/de\/onderhoud\/full-service-onderhoudscontract-aanvragen\/\"]}]},{\"@type\":\"BreadcrumbList\",\"@id\":\"https:\/\/www.homevap.nl\/de\/onderhoud\/full-service-onderhoudscontract-aanvragen\/#breadcrumb\",\"itemListElement\":[{\"@type\":\"ListItem\",\"position\":1,\"name\":\"Home\",\"item\":\"https:\/\/www.homevap.nl\/\"},{\"@type\":\"ListItem\",\"position\":2,\"name\":\"Onderhoud\",\"item\":\"https:\/\/www.homevap.nl\/de\/onderhoud\/\"},{\"@type\":\"ListItem\",\"position\":3,\"name\":\"full service onderhoudscontract aanvragen\"}]},{\"@type\":\"WebSite\",\"@id\":\"https:\/\/www.homevap.nl\/#website\",\"url\":\"https:\/\/www.homevap.nl\/\",\"name\":\"HomEvap\",\"description\":\"Brings cool humidity at home\",\"publisher\":{\"@id\":\"https:\/\/www.homevap.nl\/#organization\"},\"potentialAction\":[{\"@type\":\"SearchAction\",\"target\":{\"@type\":\"EntryPoint\",\"urlTemplate\":\"https:\/\/www.homevap.nl\/?s={search_term_string}\"},\"query-input\":{\"@type\":\"PropertyValueSpecification\",\"valueRequired\":true,\"valueName\":\"search_term_string\"}}],\"inLanguage\":\"de\"},{\"@type\":\"Organization\",\"@id\":\"https:\/\/www.homevap.nl\/#organization\",\"name\":\"HomEvap\",\"url\":\"https:\/\/www.homevap.nl\/\",\"logo\":{\"@type\":\"ImageObject\",\"inLanguage\":\"de\",\"@id\":\"https:\/\/www.homevap.nl\/#\/schema\/logo\/image\/\",\"url\":\"https:\/\/www.homevap.nl\/wp-content\/uploads\/2024\/01\/HomEvap-logo-met-pay-off_NEW_vrijstaand.png\",\"contentUrl\":\"https:\/\/www.homevap.nl\/wp-content\/uploads\/2024\/01\/HomEvap-logo-met-pay-off_NEW_vrijstaand.png\",\"width\":1497,\"height\":616,\"caption\":\"HomEvap\"},\"image\":{\"@id\":\"https:\/\/www.homevap.nl\/#\/schema\/logo\/image\/\"},\"sameAs\":[\"https:\/\/www.facebook.com\/profile.php?id=61572336793285\",\"https:\/\/www.linkedin.com\/company\/homevap\/?viewAsMember=true\"]}]}<\/script>\n<!-- \/ Yoast SEO plugin. -->","yoast_head_json":{"title":"Fordern Sie einen Full-Service-Wartungsvertrag an - Homevap","robots":{"index":"index","follow":"follow","max-snippet":"max-snippet:-1","max-image-preview":"max-image-preview:large","max-video-preview":"max-video-preview:-1"},"canonical":"https:\/\/www.homevap.nl\/de\/wartung\/fordern-sie-einen-full-service-wartungsvertrag-an\/","og_locale":"de_DE","og_type":"article","og_title":"full service onderhoudscontract aanvragen - Homevap","og_description":"Full service onderhoudscontract aanvragen Dankjewel voor jouw interesse in het full service onderhoudscontract.Wil je onderstaand aanvraagformulier zo volledig mogelijk invullen? Dan nemen wij contact met je op.\u00a0 Aanvraagformulier full-service onderhoudscontract","og_url":"https:\/\/www.homevap.nl\/de\/wartung\/fordern-sie-einen-full-service-wartungsvertrag-an\/","og_site_name":"Homevap","article_publisher":"https:\/\/www.facebook.com\/profile.php?id=61572336793285","article_modified_time":"2021-09-14T16:00:20+00:00","twitter_card":"summary_large_image","twitter_misc":{"Gesch\u00e4tzte Lesezeit":"1\u00a0Minute"},"schema":{"@context":"https:\/\/schema.org","@graph":[{"@type":"WebPage","@id":"https:\/\/www.homevap.nl\/de\/onderhoud\/full-service-onderhoudscontract-aanvragen\/","url":"https:\/\/www.homevap.nl\/de\/onderhoud\/full-service-onderhoudscontract-aanvragen\/","name":"Fordern Sie einen Full-Service-Wartungsvertrag an - Homevap","isPartOf":{"@id":"https:\/\/www.homevap.nl\/#website"},"datePublished":"2021-09-12T15:10:27+00:00","dateModified":"2021-09-14T16:00:20+00:00","breadcrumb":{"@id":"https:\/\/www.homevap.nl\/de\/onderhoud\/full-service-onderhoudscontract-aanvragen\/#breadcrumb"},"inLanguage":"de","potentialAction":[{"@type":"ReadAction","target":["https:\/\/www.homevap.nl\/de\/onderhoud\/full-service-onderhoudscontract-aanvragen\/"]}]},{"@type":"BreadcrumbList","@id":"https:\/\/www.homevap.nl\/de\/onderhoud\/full-service-onderhoudscontract-aanvragen\/#breadcrumb","itemListElement":[{"@type":"ListItem","position":1,"name":"Home","item":"https:\/\/www.homevap.nl\/"},{"@type":"ListItem","position":2,"name":"Onderhoud","item":"https:\/\/www.homevap.nl\/de\/onderhoud\/"},{"@type":"ListItem","position":3,"name":"full service onderhoudscontract aanvragen"}]},{"@type":"WebSite","@id":"https:\/\/www.homevap.nl\/#website","url":"https:\/\/www.homevap.nl\/","name":"HomEvap","description":"Bringt k\u00fchle Feuchtigkeit nach Hause","publisher":{"@id":"https:\/\/www.homevap.nl\/#organization"},"potentialAction":[{"@type":"SearchAction","target":{"@type":"EntryPoint","urlTemplate":"https:\/\/www.homevap.nl\/?s={search_term_string}"},"query-input":{"@type":"PropertyValueSpecification","valueRequired":true,"valueName":"search_term_string"}}],"inLanguage":"de"},{"@type":"Organization","@id":"https:\/\/www.homevap.nl\/#organization","name":"HomEvap","url":"https:\/\/www.homevap.nl\/","logo":{"@type":"ImageObject","inLanguage":"de","@id":"https:\/\/www.homevap.nl\/#\/schema\/logo\/image\/","url":"https:\/\/www.homevap.nl\/wp-content\/uploads\/2024\/01\/HomEvap-logo-met-pay-off_NEW_vrijstaand.png","contentUrl":"https:\/\/www.homevap.nl\/wp-content\/uploads\/2024\/01\/HomEvap-logo-met-pay-off_NEW_vrijstaand.png","width":1497,"height":616,"caption":"HomEvap"},"image":{"@id":"https:\/\/www.homevap.nl\/#\/schema\/logo\/image\/"},"sameAs":["https:\/\/www.facebook.com\/profile.php?id=61572336793285","https:\/\/www.linkedin.com\/company\/homevap\/?viewAsMember=true"]}]}},"_links":{"self":[{"href":"https:\/\/www.homevap.nl\/de\/wp-json\/wp\/v2\/pages\/2903","targetHints":{"allow":["GET"]}}],"collection":[{"href":"https:\/\/www.homevap.nl\/de\/wp-json\/wp\/v2\/pages"}],"about":[{"href":"https:\/\/www.homevap.nl\/de\/wp-json\/wp\/v2\/types\/page"}],"author":[{"embeddable":true,"href":"https:\/\/www.homevap.nl\/de\/wp-json\/wp\/v2\/users\/1"}],"replies":[{"embeddable":true,"href":"https:\/\/www.homevap.nl\/de\/wp-json\/wp\/v2\/comments?post=2903"}],"version-history":[{"count":0,"href":"https:\/\/www.homevap.nl\/de\/wp-json\/wp\/v2\/pages\/2903\/revisions"}],"up":[{"embeddable":true,"href":"https:\/\/www.homevap.nl\/de\/wp-json\/wp\/v2\/pages\/590"}],"wp:attachment":[{"href":"https:\/\/www.homevap.nl\/de\/wp-json\/wp\/v2\/media?parent=2903"}],"curies":[{"name":"wp","href":"https:\/\/api.w.org\/{rel}","templated":true}]}}