{"id":7247,"date":"2024-08-15T07:25:14","date_gmt":"2024-08-15T07:25:14","guid":{"rendered":"https:\/\/www.homevap.nl\/?page_id=7247"},"modified":"2025-06-27T14:30:21","modified_gmt":"2025-06-27T14:30:21","slug":"huto-arajanlatkeres","status":"publish","type":"page","link":"https:\/\/www.homevap.nl\/hu\/huvos-haz-nyaron\/huto-arajanlatkeres\/","title":{"rendered":"H\u0171t\u0151 \u00e1raj\u00e1nlatk\u00e9r\u00e9s"},"content":{"rendered":"<div data-elementor-type=\"wp-page\" data-elementor-id=\"7247\" class=\"elementor elementor-7247\">\n\t\t\t\t\t\t\t\t\t<section class=\"elementor-section elementor-top-section elementor-element elementor-element-03c28fd elementor-section-boxed elementor-section-height-default elementor-section-height-default\" data-id=\"03c28fd\" data-element_type=\"section\" data-settings=\"{&quot;jet_parallax_layout_list&quot;:[{&quot;jet_parallax_layout_image&quot;:{&quot;url&quot;:&quot;&quot;,&quot;id&quot;:&quot;&quot;,&quot;size&quot;:&quot;&quot;},&quot;_id&quot;:&quot;701bc82&quot;,&quot;jet_parallax_layout_image_tablet&quot;:{&quot;url&quot;:&quot;&quot;,&quot;id&quot;:&quot;&quot;,&quot;size&quot;:&quot;&quot;},&quot;jet_parallax_layout_image_mobile&quot;:{&quot;url&quot;:&quot;&quot;,&quot;id&quot;:&quot;&quot;,&quot;size&quot;:&quot;&quot;},&quot;jet_parallax_layout_speed&quot;:{&quot;unit&quot;:&quot;%&quot;,&quot;size&quot;:50,&quot;sizes&quot;:[]},&quot;jet_parallax_layout_type&quot;:&quot;scroll&quot;,&quot;jet_parallax_layout_direction&quot;:&quot;1&quot;,&quot;jet_parallax_layout_fx_direction&quot;:null,&quot;jet_parallax_layout_z_index&quot;:&quot;&quot;,&quot;jet_parallax_layout_bg_x&quot;:50,&quot;jet_parallax_layout_bg_x_tablet&quot;:&quot;&quot;,&quot;jet_parallax_layout_bg_x_mobile&quot;:&quot;&quot;,&quot;jet_parallax_layout_bg_y&quot;:50,&quot;jet_parallax_layout_bg_y_tablet&quot;:&quot;&quot;,&quot;jet_parallax_layout_bg_y_mobile&quot;:&quot;&quot;,&quot;jet_parallax_layout_bg_size&quot;:&quot;auto&quot;,&quot;jet_parallax_layout_bg_size_tablet&quot;:&quot;&quot;,&quot;jet_parallax_layout_bg_size_mobile&quot;:&quot;&quot;,&quot;jet_parallax_layout_animation_prop&quot;:&quot;transform&quot;,&quot;jet_parallax_layout_on&quot;:[&quot;desktop&quot;,&quot;tablet&quot;]}]}\">\r\n\t\t\t\r\n\t\t\t\t\t\t\t\t\t<div class=\"elementor-container elementor-column-gap-default\">\r\n\t\t\t\t\t\t\t\t\t\t\t<div class=\"elementor-column elementor-col-100 elementor-top-column elementor-element elementor-element-ea6ebed\" data-id=\"ea6ebed\" data-element_type=\"column\">\r\n\r\n\t\t\t\t\t<div class=\"elementor-widget-wrap elementor-element-populated\">\r\n\t\t\t\t\t\t\t\t<div class=\"elementor-element elementor-element-ec91502 elementor-widget elementor-widget-heading\" data-id=\"ec91502\" data-element_type=\"widget\" data-widget_type=\"heading.default\">\n\t\t\t\t<div class=\"elementor-widget-container\">\n\t\t\t<h2 class=\"elementor-heading-title elementor-size-default\">K\u00e9rje aj\u00e1nlat\u00e1t most, \u00e9s\n\u00e9lvezze a 7.5% kedvezm\u00e9nyt!<\/h2>\t\t<\/div>\n\t\t\t\t<\/div>\n\t\t\t\t<div class=\"elementor-element elementor-element-23abf4e elementor-widget elementor-widget-text-editor\" data-id=\"23abf4e\" data-element_type=\"widget\" data-widget_type=\"text-editor.default\">\n\t\t\t\t<div class=\"elementor-widget-container\">\n\t\t\t\t\t\t\t<p>\u00a0Ne v\u00e1rjon tov\u00e1bb, hogy h\u0171v\u00f6sebb otthona legyen. V\u00e1s\u00e1roljon most<strong> 7.5% kedvezm\u00e9ny<\/strong> <strong>egy HomEvap Cooler<\/strong>, csak akkor \u00e9rv\u00e9nyes, ha 2025. szeptember 30. el\u0151tt megrendelik.<\/p><p>Sz\u00edvesen seg\u00edt\u00fcnk \u00d6nnek abban, hogy WTW szell\u0151z\u0151rendszer\u00e9t h\u0171t\u00f6tt szell\u0151z\u0151rendszerr\u00e9 alak\u00edtsa. A HomEvap Coolerrel 24\/7 \u00e9jszakai h\u0171t\u00e9st hozhat l\u00e9tre a szell\u0151ztet\u00e9sen kereszt\u00fcl.<\/p><p>Ehhez sz\u00fcks\u00e9g\u00fcnk van n\u00e9h\u00e1ny adatra \u00d6nt\u0151l, hogy egy\u00e9rtelm\u0171, az \u00d6n helyzet\u00e9re szabott aj\u00e1nlatot tudjunk tenni. Ez nem k\u00f6telez\u0151 \u00e9rv\u00e9ny\u0171, de ugye nem akar lemaradni a kedvezm\u00e9nyr\u0151l? A j\u00f3 alv\u00e1s \u00e9s a friss munka otthonr\u00f3l el\u00e9rhet\u0151 k\u00f6zels\u00e9gbe ker\u00fcl.<\/p>\t\t\t\t\t\t<\/div>\n\t\t\t\t<\/div>\n\t\t\t\t<div class=\"elementor-element elementor-element-8ddac39 elementor-widget__width-initial elementor-widget elementor-widget-wpforms\" data-id=\"8ddac39\" data-element_type=\"widget\" data-widget_type=\"wpforms.default\">\n\t\t\t\t<div class=\"elementor-widget-container\">\n\t\t\t<div class=\"wpforms-container wpforms-container-full wpforms-form-abandonment\" id=\"wpforms-7246\"><form id=\"wpforms-form-7246\" class=\"wpforms-validate wpforms-form\" data-formid=\"7246\" method=\"post\" enctype=\"multipart\/form-data\" action=\"\/hu\/wp-json\/wp\/v2\/pages\/7247?wpforms_form_id=7246\" data-token=\"f71051f772f9660313eed4a12ffae93c\" data-trp-original-action=\"\/hu\/wp-json\/wp\/v2\/pages\/7247?wpforms_form_id=7246\"><noscript class=\"wpforms-error-noscript\">K\u00e9rj\u00fck, enged\u00e9lyezze a JavaScriptet a b\u00f6ng\u00e9sz\u0151j\u00e9ben az \u0171rlap kit\u00f6lt\u00e9s\u00e9hez.<\/noscript><div class=\"wpforms-field-container\"><div id=\"wpforms-7246-field_2-container\" class=\"wpforms-field wpforms-field-name\" data-field-id=\"2\"><label class=\"wpforms-field-label\" for=\"wpforms-7246-field_2\">N\u00e9v <span class=\"wpforms-required-label\">*<\/span><\/label><div class=\"wpforms-field-row wpforms-field-large\"><div class=\"wpforms-field-row-block wpforms-first wpforms-one-half\"><input type=\"text\" id=\"wpforms-7246-field_2\" class=\"wpforms-field-name-first wpforms-field-required\" name=\"wpforms[fields][2][first]\" placeholder=\"Keresztn\u00e9v\" required><label for=\"wpforms-7246-field_2\" class=\"wpforms-field-sublabel after wpforms-sublabel-hide\">Els\u0151<\/label><\/div><div class=\"wpforms-field-row-block wpforms-one-half\"><input type=\"text\" id=\"wpforms-7246-field_2-last\" class=\"wpforms-field-name-last wpforms-field-required\" name=\"wpforms[fields][2][last]\" placeholder=\"Vezet\u00e9kn\u00e9v\" required><label for=\"wpforms-7246-field_2-last\" class=\"wpforms-field-sublabel after wpforms-sublabel-hide\">Last<\/label><\/div><\/div><\/div><div id=\"wpforms-7246-field_3-container\" class=\"wpforms-field wpforms-field-email wpforms-one-half wpforms-first\" data-field-id=\"3\"><label class=\"wpforms-field-label\" for=\"wpforms-7246-field_3\">E-mail <span class=\"wpforms-required-label\">*<\/span><\/label><input type=\"email\" id=\"wpforms-7246-field_3\" class=\"wpforms-field-large wpforms-field-required\" name=\"wpforms[fields][3]\" placeholder=\"E-mail\" required><\/div><div id=\"wpforms-7246-field_4-container\" class=\"wpforms-field wpforms-field-phone wpforms-one-half\" data-field-id=\"4\"><label class=\"wpforms-field-label\" for=\"wpforms-7246-field_4\">Telefon <span class=\"wpforms-required-label\">*<\/span><\/label><input type=\"tel\" id=\"wpforms-7246-field_4\" class=\"wpforms-field-large wpforms-field-required wpforms-smart-phone-field\" data-rule-smart-phone-field=\"true\" name=\"wpforms[fields][4]\" placeholder=\"Telefon\" required><\/div><div id=\"wpforms-7246-field_5-container\" class=\"wpforms-field wpforms-field-address\" data-field-id=\"5\"><label class=\"wpforms-field-label\" for=\"wpforms-7246-field_5\">C\u00edm: <span class=\"wpforms-required-label\">*<\/span><\/label><div class=\"wpforms-field-row wpforms-field-large\"><div ><input type=\"text\" id=\"wpforms-7246-field_5\" class=\"wpforms-field-address-address1 wpforms-field-required\" name=\"wpforms[fields][5][address1]\" placeholder=\"Utca \u00e9s h\u00e1zsz\u00e1m\" required><label for=\"wpforms-7246-field_5\" class=\"wpforms-field-sublabel after wpforms-sublabel-hide\">C\u00edmsor 1<\/label><\/div><\/div><div class=\"wpforms-field-row wpforms-field-large\"><div class=\"wpforms-field-row-block wpforms-one-half wpforms-first\"><input type=\"text\" id=\"wpforms-7246-field_5-city\" class=\"wpforms-field-address-city wpforms-field-required\" name=\"wpforms[fields][5][city]\" placeholder=\"V\u00e1ros\" required><label for=\"wpforms-7246-field_5-city\" class=\"wpforms-field-sublabel after wpforms-sublabel-hide\">V\u00e1ros<\/label><\/div><div class=\"wpforms-field-row-block wpforms-one-half\"><input type=\"text\" id=\"wpforms-7246-field_5-state\" class=\"wpforms-field-address-state wpforms-field-required\" name=\"wpforms[fields][5][state]\" placeholder=\"Tartom\u00e1ny\" required><label for=\"wpforms-7246-field_5-state\" class=\"wpforms-field-sublabel after wpforms-sublabel-hide\">\u00c1llam \/ tartom\u00e1ny \/ r\u00e9gi\u00f3<\/label><\/div><\/div><div class=\"wpforms-field-row wpforms-field-large\"><div class=\"wpforms-field-row-block wpforms-one-half wpforms-first\"><input type=\"text\" id=\"wpforms-7246-field_5-postal\" class=\"wpforms-field-address-postal wpforms-field-required\" name=\"wpforms[fields][5][postal]\" placeholder=\"Ir\u00e1ny\u00edt\u00f3sz\u00e1m\" required><label for=\"wpforms-7246-field_5-postal\" class=\"wpforms-field-sublabel after wpforms-sublabel-hide\">Postai ir\u00e1ny\u00edt\u00f3sz\u00e1m<\/label><\/div><\/div><\/div><div id=\"wpforms-7246-field_9-container\" class=\"wpforms-field wpforms-field-textarea\" data-field-id=\"9\"><label class=\"wpforms-field-label\" for=\"wpforms-7246-field_9\">Megjegyz\u00e9s (nem k\u00f6telez\u0151)<\/label><textarea id=\"wpforms-7246-field_9\" class=\"wpforms-field-medium\" name=\"wpforms[fields][9]\" ><\/textarea><\/div><div id=\"wpforms-7246-field_7-container\" class=\"wpforms-field wpforms-field-file-upload\" data-field-id=\"7\"><label class=\"wpforms-field-label\" for=\"wpforms-7246-field_7\">\u00c1ttekint\u0151 fot\u00f3 el\u00f6ln\u00e9zetb\u0151l WTW <span class=\"wpforms-required-label\">*<\/span><\/label><div class=\"wpforms-uploader\"\n\tdata-field-id=\"7\"\n\tdata-form-id=\"7246\"\n\tdata-input-name=\"wpforms_7246_7\"\n\tdata-extensions=\"jpg,jpeg,jpe,gif,png,bmp,tiff,tif,webp,avif,ico,heic,heif,heics,heifs,asf,asx,wmv,wmx,wm,avi,divx,mov,qt,mpeg,mpg,mpe,mp4,m4v,ogv,webm,mkv,3gp,3gpp,3g2,3gp2,txt,asc,c,cc,h,srt,csv,tsv,ics,rtx,css,vtt,mp3,m4a,m4b,aac,ra,ram,wav,ogg,oga,flac,mid,midi,wma,wax,mka,rtf,pdf,class,tar,zip,gz,gzip,rar,7z,psd,xcf,doc,pot,pps,ppt,wri,xla,xls,xlt,xlw,mpp,docx,docm,dotx,dotm,xlsx,xlsm,xlsb,xltx,xltm,xlam,pptx,pptm,ppsx,ppsm,potx,potm,ppam,sldx,sldm,onetoc,onetoc2,onepkg,oxps,xps,odt,odp,ods,odg,odc,odb,odf,wp,wpd,key,numbers,pages,svg\"\n\tdata-max-size=\"16777216\"\n\tdata-max-file-number=\"1\"\n\tdata-post-max-size=\"16777216\"\n    data-max-parallel-uploads=\"4\"\n    data-parallel-uploads=\"true\"\n\tdata-file-chunk-size=\"2097152\">\n\t<div class=\"dz-message\">\n\t\t<svg viewbox=\"0 0 1024 1024\" focusable=\"false\" class=\"\" data-icon=\"inbox\" width=\"50px\" height=\"50px\" fill=\"#B1B1B1\" aria-hidden=\"true\"><path d=\"M885.2 446.3l-.2-.8-112.2-285.1c-5-16.1-19.9-27.2-36.8-27.2H281.2c-17 0-32.1 11.3-36.9 27.6L139.4 443l-.3.7-.2.8c-1.3 4.9-1.7 9.9-1 14.8-.1 1.6-.2 3.2-.2 4.8V830a60.9 60.9 0 0 0 60.8 60.8h627.2c33.5 0 60.8-27.3 60.9-60.8V464.1c0-1.3 0-2.6-.1-3.7.4-4.9 0-9.6-1.3-14.1zm-295.8-43l-.3 15.7c-.8 44.9-31.8 75.1-77.1 75.1-22.1 0-41.1-7.1-54.8-20.6S436 441.2 435.6 419l-.3-15.7H229.5L309 210h399.2l81.7 193.3H589.4zm-375 76.8h157.3c24.3 57.1 76 90.8 140.4 90.8 33.7 0 65-9.4 90.3-27.2 22.2-15.6 39.5-37.4 50.7-63.6h156.5V814H214.4V480.1z\"><\/path><\/svg>\n\t\t<span class=\"modern-title\">\n\t\t\tKattintson vagy h\u00fazza a f\u00e1jlt erre a ter\u00fcletre a felt\u00f6lt\u00e9shez.\t\t<\/span>\n\n\t\t\t<\/div>\n<\/div>\n<input type=\"text\" class=\"dropzone-input\"\n\tstyle=\"position:absolute!important;clip:rect(0,0,0,0)!important;height:1px!important;width:1px!important;border:0!important;overflow:hidden!important;padding:0!important;margin:0!important;\"\n\tid=\"wpforms-7246-field_7\"\n\tname=\"wpforms_7246_7\" required>\n<div class=\"wpforms-field-description\">El\u00f6ln\u00e9zetb\u0151l k\u00e9sz\u00fclt \u00e1ttekint\u0151 f\u00e9nyk\u00e9p a t\u00e1p- \u00e9s visszat\u00e9r\u0151 cs\u00f6vekkel.<\/div><\/div><div id=\"wpforms-7246-field_14-container\" class=\"wpforms-field wpforms-field-html\" data-field-id=\"14\"><div id=\"wpforms-7246-field_14\"><a href=\"https:\/\/www.homevap.nl\/wp-content\/uploads\/2024\/08\/voorbeeldfoto-overzichtsfoto-WTW-met-aansluitingen-1-scaled.jpg\" target=\"_blank\" class=\"no-lazyload\">P\u00e9lda \u00e1ttekint\u0151 fot\u00f3 megtekint\u00e9se<\/a>\r\n<\/div><\/div><div id=\"wpforms-7246-field_11-container\" class=\"wpforms-field wpforms-field-file-upload\" data-field-id=\"11\"><label class=\"wpforms-field-label\" for=\"wpforms-7246-field_11\">V\u00edzkivezet\u00e9s WTW alul <span class=\"wpforms-required-label\">*<\/span><\/label><div class=\"wpforms-uploader\"\n\tdata-field-id=\"11\"\n\tdata-form-id=\"7246\"\n\tdata-input-name=\"wpforms_7246_11\"\n\tdata-extensions=\"jpg,jpeg,jpe,gif,png,bmp,tiff,tif,webp,avif,ico,heic,heif,heics,heifs,asf,asx,wmv,wmx,wm,avi,divx,mov,qt,mpeg,mpg,mpe,mp4,m4v,ogv,webm,mkv,3gp,3gpp,3g2,3gp2,txt,asc,c,cc,h,srt,csv,tsv,ics,rtx,css,vtt,mp3,m4a,m4b,aac,ra,ram,wav,ogg,oga,flac,mid,midi,wma,wax,mka,rtf,pdf,class,tar,zip,gz,gzip,rar,7z,psd,xcf,doc,pot,pps,ppt,wri,xla,xls,xlt,xlw,mpp,docx,docm,dotx,dotm,xlsx,xlsm,xlsb,xltx,xltm,xlam,pptx,pptm,ppsx,ppsm,potx,potm,ppam,sldx,sldm,onetoc,onetoc2,onepkg,oxps,xps,odt,odp,ods,odg,odc,odb,odf,wp,wpd,key,numbers,pages,svg\"\n\tdata-max-size=\"16777216\"\n\tdata-max-file-number=\"1\"\n\tdata-post-max-size=\"16777216\"\n    data-max-parallel-uploads=\"4\"\n    data-parallel-uploads=\"true\"\n\tdata-file-chunk-size=\"2097152\">\n\t<div class=\"dz-message\">\n\t\t<svg viewbox=\"0 0 1024 1024\" focusable=\"false\" class=\"\" data-icon=\"inbox\" width=\"50px\" height=\"50px\" fill=\"#B1B1B1\" aria-hidden=\"true\"><path d=\"M885.2 446.3l-.2-.8-112.2-285.1c-5-16.1-19.9-27.2-36.8-27.2H281.2c-17 0-32.1 11.3-36.9 27.6L139.4 443l-.3.7-.2.8c-1.3 4.9-1.7 9.9-1 14.8-.1 1.6-.2 3.2-.2 4.8V830a60.9 60.9 0 0 0 60.8 60.8h627.2c33.5 0 60.8-27.3 60.9-60.8V464.1c0-1.3 0-2.6-.1-3.7.4-4.9 0-9.6-1.3-14.1zm-295.8-43l-.3 15.7c-.8 44.9-31.8 75.1-77.1 75.1-22.1 0-41.1-7.1-54.8-20.6S436 441.2 435.6 419l-.3-15.7H229.5L309 210h399.2l81.7 193.3H589.4zm-375 76.8h157.3c24.3 57.1 76 90.8 140.4 90.8 33.7 0 65-9.4 90.3-27.2 22.2-15.6 39.5-37.4 50.7-63.6h156.5V814H214.4V480.1z\"><\/path><\/svg>\n\t\t<span class=\"modern-title\">\n\t\t\tKattintson vagy h\u00fazza a f\u00e1jlt erre a ter\u00fcletre a felt\u00f6lt\u00e9shez.\t\t<\/span>\n\n\t\t\t<\/div>\n<\/div>\n<input type=\"text\" class=\"dropzone-input\"\n\tstyle=\"position:absolute!important;clip:rect(0,0,0,0)!important;height:1px!important;width:1px!important;border:0!important;overflow:hidden!important;padding:0!important;margin:0!important;\"\n\tid=\"wpforms-7246-field_11\"\n\tname=\"wpforms_7246_11\" required>\n<\/div><div id=\"wpforms-7246-field_16-container\" class=\"wpforms-field wpforms-field-html\" data-field-id=\"16\"><div id=\"wpforms-7246-field_16\"><a href=\"https:\/\/www.homevap.nl\/wp-content\/uploads\/2024\/08\/voorbeeldfoto-waterafvoer-WTW-aan-onderzijde.png\" target=\"_blank\" class=\"no-lazyload\">N\u00e9zet p\u00e9lda v\u00edzelvezet\u00e9s WTW<\/a>\r\n<\/div><\/div><div id=\"wpforms-7246-field_12-container\" class=\"wpforms-field wpforms-field-file-upload\" data-field-id=\"12\"><label class=\"wpforms-field-label\" for=\"wpforms-7246-field_12\">Fot\u00f3 legk\u00f6zelebbi v\u00edzcsap \u00e9s aljzat <span class=\"wpforms-required-label\">*<\/span><\/label><div class=\"wpforms-uploader\"\n\tdata-field-id=\"12\"\n\tdata-form-id=\"7246\"\n\tdata-input-name=\"wpforms_7246_12\"\n\tdata-extensions=\"jpg,jpeg,jpe,gif,png,bmp,tiff,tif,webp,avif,ico,heic,heif,heics,heifs,asf,asx,wmv,wmx,wm,avi,divx,mov,qt,mpeg,mpg,mpe,mp4,m4v,ogv,webm,mkv,3gp,3gpp,3g2,3gp2,txt,asc,c,cc,h,srt,csv,tsv,ics,rtx,css,vtt,mp3,m4a,m4b,aac,ra,ram,wav,ogg,oga,flac,mid,midi,wma,wax,mka,rtf,pdf,class,tar,zip,gz,gzip,rar,7z,psd,xcf,doc,pot,pps,ppt,wri,xla,xls,xlt,xlw,mpp,docx,docm,dotx,dotm,xlsx,xlsm,xlsb,xltx,xltm,xlam,pptx,pptm,ppsx,ppsm,potx,potm,ppam,sldx,sldm,onetoc,onetoc2,onepkg,oxps,xps,odt,odp,ods,odg,odc,odb,odf,wp,wpd,key,numbers,pages,svg\"\n\tdata-max-size=\"16777216\"\n\tdata-max-file-number=\"1\"\n\tdata-post-max-size=\"16777216\"\n    data-max-parallel-uploads=\"4\"\n    data-parallel-uploads=\"true\"\n\tdata-file-chunk-size=\"2097152\">\n\t<div class=\"dz-message\">\n\t\t<svg viewbox=\"0 0 1024 1024\" focusable=\"false\" class=\"\" data-icon=\"inbox\" width=\"50px\" height=\"50px\" fill=\"#B1B1B1\" aria-hidden=\"true\"><path d=\"M885.2 446.3l-.2-.8-112.2-285.1c-5-16.1-19.9-27.2-36.8-27.2H281.2c-17 0-32.1 11.3-36.9 27.6L139.4 443l-.3.7-.2.8c-1.3 4.9-1.7 9.9-1 14.8-.1 1.6-.2 3.2-.2 4.8V830a60.9 60.9 0 0 0 60.8 60.8h627.2c33.5 0 60.8-27.3 60.9-60.8V464.1c0-1.3 0-2.6-.1-3.7.4-4.9 0-9.6-1.3-14.1zm-295.8-43l-.3 15.7c-.8 44.9-31.8 75.1-77.1 75.1-22.1 0-41.1-7.1-54.8-20.6S436 441.2 435.6 419l-.3-15.7H229.5L309 210h399.2l81.7 193.3H589.4zm-375 76.8h157.3c24.3 57.1 76 90.8 140.4 90.8 33.7 0 65-9.4 90.3-27.2 22.2-15.6 39.5-37.4 50.7-63.6h156.5V814H214.4V480.1z\"><\/path><\/svg>\n\t\t<span class=\"modern-title\">\n\t\t\tKattintson vagy h\u00fazza a f\u00e1jlt erre a ter\u00fcletre a felt\u00f6lt\u00e9shez.\t\t<\/span>\n\n\t\t\t<\/div>\n<\/div>\n<input type=\"text\" class=\"dropzone-input\"\n\tstyle=\"position:absolute!important;clip:rect(0,0,0,0)!important;height:1px!important;width:1px!important;border:0!important;overflow:hidden!important;padding:0!important;margin:0!important;\"\n\tid=\"wpforms-7246-field_12\"\n\tname=\"wpforms_7246_12\" required>\n<\/div><div id=\"wpforms-7246-field_18-container\" class=\"wpforms-field wpforms-field-html\" data-field-id=\"18\"><div id=\"wpforms-7246-field_18\"><a href=\"https:\/\/www.homevap.nl\/wp-content\/uploads\/2024\/08\/voorbeeldfoto-dichtsbijzijnde-waterkraan-en-stopcontact.png\" target=\"_blank\" class=\"no-lazyload\">N\u00e9zet p\u00e9lda v\u00edzelvezet\u00e9s WTW<\/a>\r\n<\/div><\/div><\/div><div class=\"wpforms-submit-container\" ><input type=\"hidden\" name=\"wpforms[id]\" value=\"7246\"><input type=\"hidden\" name=\"wpforms[author]\" value=\"10\"><button type=\"submit\" name=\"wpforms[submit]\" class=\"wpforms-submit\" id=\"wpforms-submit-7246\" value=\"wpforms-submit\" aria-live=\"assertive\" data-alt-text=\"Verzenden...\" data-submit-text=\"Aanvraag indienen\">Jelentkez\u00e9s beny\u00fajt\u00e1sa<\/button><\/div><input type=\"hidden\" name=\"trp-form-language\" value=\"hu\"\/><\/form><\/div>  <!-- .wpforms-container -->\t\t<\/div>\n\t\t\t\t<\/div>\n\t\t\t\t\t<\/div>\r\n\t\t\t\t<\/div>\r\n\t\t\t\t\t\t<\/div>\r\n\t\t\t\t<\/section>\r\n\t\t\t\t\t\t\t<\/div>","protected":false},"excerpt":{"rendered":"<p>Szerezze be a h\u0171t\u0151 \u00e1raj\u00e1nlat\u00e1t most, \u00e9s \u00e9lvezze a 10% kedvezm\u00e9nyt! Ne v\u00e1rjon tov\u00e1bb, hogy h\u0171t\u0151h\u00e1za legyen otthon. V\u00e1s\u00e1roljon HomEvap h\u0171t\u0151t most a 10% kedvezm\u00e9nnyel, amely csak 2024. szeptember 15-ig t\u00f6rt\u00e9n\u0151 megrendel\u00e9s eset\u00e9n \u00e9rv\u00e9nyes. Sz\u00edvesen seg\u00edt\u00fcnk abban, hogy WTW szell\u0151ztet\u0151 rendszer\u00e9t h\u0171t\u00f6tt szell\u0151ztet\u0151 rendszerr\u00e9 alak\u00edtsuk. A HomEvap Coolerrel l\u00e9trehozhat [...]<\/p>","protected":false},"author":10,"featured_media":0,"parent":6953,"menu_order":0,"comment_status":"closed","ping_status":"closed","template":"","meta":{"footnotes":"","_links_to":"","_links_to_target":""},"class_list":["post-7247","page","type-page","status-publish","hentry"],"yoast_head":"<!-- This site is optimized with the Yoast SEO plugin v25.7 - https:\/\/yoast.com\/wordpress\/plugins\/seo\/ -->\n<title>Koeler offerte aanvraag - Homevap<\/title>\n<meta name=\"robots\" content=\"noindex, nofollow\" \/>\n<meta property=\"og:locale\" content=\"hu_HU\" \/>\n<meta property=\"og:type\" content=\"article\" \/>\n<meta property=\"og:title\" content=\"Koeler offerte aanvraag - Homevap\" \/>\n<meta property=\"og:description\" content=\"Vraag nu jouw koeler offerte aan en profiteer van 7,5% korting! \u00a0Wacht niet langer om een koeler huis te krijgen. Koop nu met 7,5% korting een HomEvap Koeler, alleen geldig bij bestelling voor 30 september 2025. Wij helpen je graag om van jouw WTW-ventilatiesysteem een gekoeld ventilatiesysteem te maken. Met de HomEvap Koeler cre\u00eber je [&hellip;]\" \/>\n<meta property=\"og:url\" content=\"https:\/\/www.homevap.nl\/hu\/huvos-haz-nyaron\/huto-arajanlatkeres\/\" \/>\n<meta property=\"og:site_name\" content=\"Homevap\" \/>\n<meta property=\"article:publisher\" content=\"https:\/\/www.facebook.com\/profile.php?id=61572336793285\" \/>\n<meta property=\"article:modified_time\" content=\"2025-06-27T14:30:21+00:00\" \/>\n<meta name=\"twitter:card\" content=\"summary_large_image\" \/>\n<meta name=\"twitter:label1\" content=\"Becs\u00fclt olvas\u00e1si id\u0151\" \/>\n\t<meta name=\"twitter:data1\" content=\"1 perc\" \/>\n<script type=\"application\/ld+json\" class=\"yoast-schema-graph\">{\"@context\":\"https:\/\/schema.org\",\"@graph\":[{\"@type\":\"WebPage\",\"@id\":\"https:\/\/www.homevap.nl\/koel-huis-in-zomer\/koeler-offerte-aanvraag\/\",\"url\":\"https:\/\/www.homevap.nl\/koel-huis-in-zomer\/koeler-offerte-aanvraag\/\",\"name\":\"Koeler offerte aanvraag - Homevap\",\"isPartOf\":{\"@id\":\"https:\/\/www.homevap.nl\/#website\"},\"datePublished\":\"2024-08-15T07:25:14+00:00\",\"dateModified\":\"2025-06-27T14:30:21+00:00\",\"breadcrumb\":{\"@id\":\"https:\/\/www.homevap.nl\/koel-huis-in-zomer\/koeler-offerte-aanvraag\/#breadcrumb\"},\"inLanguage\":\"hu\",\"potentialAction\":[{\"@type\":\"ReadAction\",\"target\":[\"https:\/\/www.homevap.nl\/koel-huis-in-zomer\/koeler-offerte-aanvraag\/\"]}]},{\"@type\":\"BreadcrumbList\",\"@id\":\"https:\/\/www.homevap.nl\/koel-huis-in-zomer\/koeler-offerte-aanvraag\/#breadcrumb\",\"itemListElement\":[{\"@type\":\"ListItem\",\"position\":1,\"name\":\"Home\",\"item\":\"https:\/\/www.homevap.nl\/\"},{\"@type\":\"ListItem\",\"position\":2,\"name\":\"Koel huis in de zomer\",\"item\":\"https:\/\/www.homevap.nl\/koel-huis-in-zomer\/\"},{\"@type\":\"ListItem\",\"position\":3,\"name\":\"Koeler offerte aanvraag\"}]},{\"@type\":\"WebSite\",\"@id\":\"https:\/\/www.homevap.nl\/#website\",\"url\":\"https:\/\/www.homevap.nl\/\",\"name\":\"HomEvap\",\"description\":\"Brings cool humidity at home\",\"publisher\":{\"@id\":\"https:\/\/www.homevap.nl\/#organization\"},\"potentialAction\":[{\"@type\":\"SearchAction\",\"target\":{\"@type\":\"EntryPoint\",\"urlTemplate\":\"https:\/\/www.homevap.nl\/?s={search_term_string}\"},\"query-input\":{\"@type\":\"PropertyValueSpecification\",\"valueRequired\":true,\"valueName\":\"search_term_string\"}}],\"inLanguage\":\"hu\"},{\"@type\":\"Organization\",\"@id\":\"https:\/\/www.homevap.nl\/#organization\",\"name\":\"HomEvap\",\"url\":\"https:\/\/www.homevap.nl\/\",\"logo\":{\"@type\":\"ImageObject\",\"inLanguage\":\"hu\",\"@id\":\"https:\/\/www.homevap.nl\/#\/schema\/logo\/image\/\",\"url\":\"https:\/\/www.homevap.nl\/wp-content\/uploads\/2024\/01\/HomEvap-logo-met-pay-off_NEW_vrijstaand.png\",\"contentUrl\":\"https:\/\/www.homevap.nl\/wp-content\/uploads\/2024\/01\/HomEvap-logo-met-pay-off_NEW_vrijstaand.png\",\"width\":1497,\"height\":616,\"caption\":\"HomEvap\"},\"image\":{\"@id\":\"https:\/\/www.homevap.nl\/#\/schema\/logo\/image\/\"},\"sameAs\":[\"https:\/\/www.facebook.com\/profile.php?id=61572336793285\",\"https:\/\/www.linkedin.com\/company\/homevap\/?viewAsMember=true\"]}]}<\/script>\n<!-- \/ Yoast SEO plugin. -->","yoast_head_json":{"title":"H\u0171t\u0151 \u00e1raj\u00e1nlatk\u00e9r\u00e9s - Homevap","robots":{"index":"noindex","follow":"nofollow"},"og_locale":"hu_HU","og_type":"article","og_title":"Koeler offerte aanvraag - Homevap","og_description":"Vraag nu jouw koeler offerte aan en profiteer van 7,5% korting! \u00a0Wacht niet langer om een koeler huis te krijgen. Koop nu met 7,5% korting een HomEvap Koeler, alleen geldig bij bestelling voor 30 september 2025. Wij helpen je graag om van jouw WTW-ventilatiesysteem een gekoeld ventilatiesysteem te maken. Met de HomEvap Koeler cre\u00eber je [&hellip;]","og_url":"https:\/\/www.homevap.nl\/hu\/huvos-haz-nyaron\/huto-arajanlatkeres\/","og_site_name":"Homevap","article_publisher":"https:\/\/www.facebook.com\/profile.php?id=61572336793285","article_modified_time":"2025-06-27T14:30:21+00:00","twitter_card":"summary_large_image","twitter_misc":{"Becs\u00fclt olvas\u00e1si id\u0151":"1 perc"},"schema":{"@context":"https:\/\/schema.org","@graph":[{"@type":"WebPage","@id":"https:\/\/www.homevap.nl\/koel-huis-in-zomer\/koeler-offerte-aanvraag\/","url":"https:\/\/www.homevap.nl\/koel-huis-in-zomer\/koeler-offerte-aanvraag\/","name":"H\u0171t\u0151 \u00e1raj\u00e1nlatk\u00e9r\u00e9s - Homevap","isPartOf":{"@id":"https:\/\/www.homevap.nl\/#website"},"datePublished":"2024-08-15T07:25:14+00:00","dateModified":"2025-06-27T14:30:21+00:00","breadcrumb":{"@id":"https:\/\/www.homevap.nl\/koel-huis-in-zomer\/koeler-offerte-aanvraag\/#breadcrumb"},"inLanguage":"hu","potentialAction":[{"@type":"ReadAction","target":["https:\/\/www.homevap.nl\/koel-huis-in-zomer\/koeler-offerte-aanvraag\/"]}]},{"@type":"BreadcrumbList","@id":"https:\/\/www.homevap.nl\/koel-huis-in-zomer\/koeler-offerte-aanvraag\/#breadcrumb","itemListElement":[{"@type":"ListItem","position":1,"name":"Home","item":"https:\/\/www.homevap.nl\/"},{"@type":"ListItem","position":2,"name":"Koel huis in de zomer","item":"https:\/\/www.homevap.nl\/koel-huis-in-zomer\/"},{"@type":"ListItem","position":3,"name":"Koeler offerte aanvraag"}]},{"@type":"WebSite","@id":"https:\/\/www.homevap.nl\/#website","url":"https:\/\/www.homevap.nl\/","name":"HomEvap","description":"H\u0171v\u00f6s p\u00e1ratartalmat hoz otthon","publisher":{"@id":"https:\/\/www.homevap.nl\/#organization"},"potentialAction":[{"@type":"SearchAction","target":{"@type":"EntryPoint","urlTemplate":"https:\/\/www.homevap.nl\/?s={search_term_string}"},"query-input":{"@type":"PropertyValueSpecification","valueRequired":true,"valueName":"search_term_string"}}],"inLanguage":"hu"},{"@type":"Organization","@id":"https:\/\/www.homevap.nl\/#organization","name":"HomEvap","url":"https:\/\/www.homevap.nl\/","logo":{"@type":"ImageObject","inLanguage":"hu","@id":"https:\/\/www.homevap.nl\/#\/schema\/logo\/image\/","url":"https:\/\/www.homevap.nl\/wp-content\/uploads\/2024\/01\/HomEvap-logo-met-pay-off_NEW_vrijstaand.png","contentUrl":"https:\/\/www.homevap.nl\/wp-content\/uploads\/2024\/01\/HomEvap-logo-met-pay-off_NEW_vrijstaand.png","width":1497,"height":616,"caption":"HomEvap"},"image":{"@id":"https:\/\/www.homevap.nl\/#\/schema\/logo\/image\/"},"sameAs":["https:\/\/www.facebook.com\/profile.php?id=61572336793285","https:\/\/www.linkedin.com\/company\/homevap\/?viewAsMember=true"]}]}},"_links":{"self":[{"href":"https:\/\/www.homevap.nl\/hu\/wp-json\/wp\/v2\/pages\/7247","targetHints":{"allow":["GET"]}}],"collection":[{"href":"https:\/\/www.homevap.nl\/hu\/wp-json\/wp\/v2\/pages"}],"about":[{"href":"https:\/\/www.homevap.nl\/hu\/wp-json\/wp\/v2\/types\/page"}],"author":[{"embeddable":true,"href":"https:\/\/www.homevap.nl\/hu\/wp-json\/wp\/v2\/users\/10"}],"replies":[{"embeddable":true,"href":"https:\/\/www.homevap.nl\/hu\/wp-json\/wp\/v2\/comments?post=7247"}],"version-history":[{"count":0,"href":"https:\/\/www.homevap.nl\/hu\/wp-json\/wp\/v2\/pages\/7247\/revisions"}],"up":[{"embeddable":true,"href":"https:\/\/www.homevap.nl\/hu\/wp-json\/wp\/v2\/pages\/6953"}],"wp:attachment":[{"href":"https:\/\/www.homevap.nl\/hu\/wp-json\/wp\/v2\/media?parent=7247"}],"curies":[{"name":"wp","href":"https:\/\/api.w.org\/{rel}","templated":true}]}}