{"id":3650,"date":"2021-09-21T18:06:48","date_gmt":"2021-09-21T18:06:48","guid":{"rendered":"https:\/\/homevap.wp.staat-klaar.nl\/?page_id=3650"},"modified":"2023-10-04T10:11:28","modified_gmt":"2023-10-04T10:11:28","slug":"atsakomybes-apribojimas","status":"publish","type":"page","link":"https:\/\/www.homevap.nl\/lt\/atsakomybes-apribojimas\/","title":{"rendered":"Atsakomyb\u0117s apribojimas"},"content":{"rendered":"<p>Rengdami \u0161ios svetain\u0117s turin\u012f, steng\u0117m\u0117s laikytis vis\u0173 \u012fmanom\u0173 atsargumo priemoni\u0173. Nepaisant to, gali b\u016bti, kad informacija n\u0117ra visi\u0161kai teisinga arba laikui b\u0117gant gali pasenti. HomEvap B.V. nebus atsakinga u\u017e bet koki\u0105 tiesiogin\u0119 ar netiesiogin\u0119 \u017eal\u0105, atsiradusi\u0105 d\u0117l \u0161ioje svetain\u0117je gautos informacijos naudojimo.<\/p>\n<p>HomEvap B.V. pasilieka teis\u0119 bet kada savo nuo\u017ei\u016bra keisti \u0161ios svetain\u0117s turin\u012f.<\/p>\n<p>\u0160iame puslapyje yra nuorod\u0173 \u012f kitas svetaines, kurios nepriklauso \"HomEvap B.V.\", n\u0117ra jos kontroliuojamos ar patvirtintos. HomEvap B.V. neatsako u\u017e atitinkamose svetain\u0117se ar kitose \u0161iose svetain\u0117se pamin\u0117tose nuorodose pateikiam\u0105 turin\u012f, nuomones ar patarimus.<\/p>","protected":false},"excerpt":{"rendered":"<p>Rengdami \u0161ios svetain\u0117s turin\u012f, steng\u0117m\u0117s laikytis vis\u0173 \u012fmanom\u0173 atsargumo priemoni\u0173. Nepaisant to, gali b\u016bti, kad informacija n\u0117ra visi\u0161kai teisinga arba laikui b\u0117gant gali pasenti. HomEvap B.V. nebus atsakinga u\u017e bet koki\u0105 tiesiogin\u0119 ar netiesiogin\u0119 \u017eal\u0105, atsiradusi\u0105 d\u0117l \u0161ioje svetain\u0117je gautos informacijos naudojimo.<\/p>","protected":false},"author":1,"featured_media":0,"parent":0,"menu_order":0,"comment_status":"closed","ping_status":"closed","template":"","meta":{"footnotes":"","_links_to":"","_links_to_target":""},"class_list":["post-3650","page","type-page","status-publish","hentry"],"yoast_head":"<!-- This site is optimized with the Yoast SEO plugin v25.7 - https:\/\/yoast.com\/wordpress\/plugins\/seo\/ -->\n<title>Disclaimer - Homevap<\/title>\n<meta name=\"robots\" content=\"index, follow, max-snippet:-1, max-image-preview:large, max-video-preview:-1\" \/>\n<link rel=\"canonical\" href=\"https:\/\/www.homevap.nl\/lt\/atsakomybes-apribojimas\/\" \/>\n<meta property=\"og:locale\" content=\"lt_LT\" \/>\n<meta property=\"og:type\" content=\"article\" \/>\n<meta property=\"og:title\" content=\"Disclaimer - Homevap\" \/>\n<meta property=\"og:description\" content=\"Bij de samenstelling van de inhoud van deze website is de grootst mogelijke zorgvuldigheid betracht. Toch bestaat de mogelijkheid dat informatie niet geheel correct is of dat deze na verloop van tijd veroudert. HomEvap B.V. is dan ook niet aansprakelijk voor directe of indirecte schade die het gevolg is van gebruik van informatie welke via [&hellip;]\" \/>\n<meta property=\"og:url\" content=\"https:\/\/www.homevap.nl\/lt\/atsakomybes-apribojimas\/\" \/>\n<meta property=\"og:site_name\" content=\"Homevap\" \/>\n<meta property=\"article:publisher\" content=\"https:\/\/www.facebook.com\/profile.php?id=61572336793285\" \/>\n<meta property=\"article:modified_time\" content=\"2023-10-04T10:11:28+00:00\" \/>\n<meta name=\"twitter:card\" content=\"summary_large_image\" \/>\n<meta name=\"twitter:label1\" content=\"Est. reading time\" \/>\n\t<meta name=\"twitter:data1\" content=\"1 minut\u0117\" \/>\n<script type=\"application\/ld+json\" class=\"yoast-schema-graph\">{\"@context\":\"https:\/\/schema.org\",\"@graph\":[{\"@type\":\"WebPage\",\"@id\":\"https:\/\/www.homevap.nl\/disclaimer\/\",\"url\":\"https:\/\/www.homevap.nl\/disclaimer\/\",\"name\":\"Disclaimer - Homevap\",\"isPartOf\":{\"@id\":\"https:\/\/www.homevap.nl\/#website\"},\"datePublished\":\"2021-09-21T18:06:48+00:00\",\"dateModified\":\"2023-10-04T10:11:28+00:00\",\"breadcrumb\":{\"@id\":\"https:\/\/www.homevap.nl\/disclaimer\/#breadcrumb\"},\"inLanguage\":\"lt-LT\",\"potentialAction\":[{\"@type\":\"ReadAction\",\"target\":[\"https:\/\/www.homevap.nl\/disclaimer\/\"]}]},{\"@type\":\"BreadcrumbList\",\"@id\":\"https:\/\/www.homevap.nl\/disclaimer\/#breadcrumb\",\"itemListElement\":[{\"@type\":\"ListItem\",\"position\":1,\"name\":\"Home\",\"item\":\"https:\/\/www.homevap.nl\/\"},{\"@type\":\"ListItem\",\"position\":2,\"name\":\"Disclaimer\"}]},{\"@type\":\"WebSite\",\"@id\":\"https:\/\/www.homevap.nl\/#website\",\"url\":\"https:\/\/www.homevap.nl\/\",\"name\":\"HomEvap\",\"description\":\"Brings cool humidity at home\",\"publisher\":{\"@id\":\"https:\/\/www.homevap.nl\/#organization\"},\"potentialAction\":[{\"@type\":\"SearchAction\",\"target\":{\"@type\":\"EntryPoint\",\"urlTemplate\":\"https:\/\/www.homevap.nl\/?s={search_term_string}\"},\"query-input\":{\"@type\":\"PropertyValueSpecification\",\"valueRequired\":true,\"valueName\":\"search_term_string\"}}],\"inLanguage\":\"lt-LT\"},{\"@type\":\"Organization\",\"@id\":\"https:\/\/www.homevap.nl\/#organization\",\"name\":\"HomEvap\",\"url\":\"https:\/\/www.homevap.nl\/\",\"logo\":{\"@type\":\"ImageObject\",\"inLanguage\":\"lt-LT\",\"@id\":\"https:\/\/www.homevap.nl\/#\/schema\/logo\/image\/\",\"url\":\"https:\/\/www.homevap.nl\/wp-content\/uploads\/2024\/01\/HomEvap-logo-met-pay-off_NEW_vrijstaand.png\",\"contentUrl\":\"https:\/\/www.homevap.nl\/wp-content\/uploads\/2024\/01\/HomEvap-logo-met-pay-off_NEW_vrijstaand.png\",\"width\":1497,\"height\":616,\"caption\":\"HomEvap\"},\"image\":{\"@id\":\"https:\/\/www.homevap.nl\/#\/schema\/logo\/image\/\"},\"sameAs\":[\"https:\/\/www.facebook.com\/profile.php?id=61572336793285\",\"https:\/\/www.linkedin.com\/company\/homevap\/?viewAsMember=true\"]}]}<\/script>\n<!-- \/ Yoast SEO plugin. -->","yoast_head_json":{"title":"Atsakomyb\u0117s apribojimas - Homevap","robots":{"index":"index","follow":"follow","max-snippet":"max-snippet:-1","max-image-preview":"max-image-preview:large","max-video-preview":"max-video-preview:-1"},"canonical":"https:\/\/www.homevap.nl\/lt\/atsakomybes-apribojimas\/","og_locale":"lt_LT","og_type":"article","og_title":"Disclaimer - Homevap","og_description":"Bij de samenstelling van de inhoud van deze website is de grootst mogelijke zorgvuldigheid betracht. Toch bestaat de mogelijkheid dat informatie niet geheel correct is of dat deze na verloop van tijd veroudert. HomEvap B.V. is dan ook niet aansprakelijk voor directe of indirecte schade die het gevolg is van gebruik van informatie welke via [&hellip;]","og_url":"https:\/\/www.homevap.nl\/lt\/atsakomybes-apribojimas\/","og_site_name":"Homevap","article_publisher":"https:\/\/www.facebook.com\/profile.php?id=61572336793285","article_modified_time":"2023-10-04T10:11:28+00:00","twitter_card":"summary_large_image","twitter_misc":{"Est. reading time":"1 minut\u0117"},"schema":{"@context":"https:\/\/schema.org","@graph":[{"@type":"WebPage","@id":"https:\/\/www.homevap.nl\/disclaimer\/","url":"https:\/\/www.homevap.nl\/disclaimer\/","name":"Atsakomyb\u0117s apribojimas - Homevap","isPartOf":{"@id":"https:\/\/www.homevap.nl\/#website"},"datePublished":"2021-09-21T18:06:48+00:00","dateModified":"2023-10-04T10:11:28+00:00","breadcrumb":{"@id":"https:\/\/www.homevap.nl\/disclaimer\/#breadcrumb"},"inLanguage":"lt-LT","potentialAction":[{"@type":"ReadAction","target":["https:\/\/www.homevap.nl\/disclaimer\/"]}]},{"@type":"BreadcrumbList","@id":"https:\/\/www.homevap.nl\/disclaimer\/#breadcrumb","itemListElement":[{"@type":"ListItem","position":1,"name":"Home","item":"https:\/\/www.homevap.nl\/"},{"@type":"ListItem","position":2,"name":"Disclaimer"}]},{"@type":"WebSite","@id":"https:\/\/www.homevap.nl\/#website","url":"https:\/\/www.homevap.nl\/","name":"HomEvap","description":"Suteikia v\u0117si\u0105 dr\u0117gm\u0119 namuose","publisher":{"@id":"https:\/\/www.homevap.nl\/#organization"},"potentialAction":[{"@type":"SearchAction","target":{"@type":"EntryPoint","urlTemplate":"https:\/\/www.homevap.nl\/?s={search_term_string}"},"query-input":{"@type":"PropertyValueSpecification","valueRequired":true,"valueName":"search_term_string"}}],"inLanguage":"lt-LT"},{"@type":"Organization","@id":"https:\/\/www.homevap.nl\/#organization","name":"HomEvap","url":"https:\/\/www.homevap.nl\/","logo":{"@type":"ImageObject","inLanguage":"lt-LT","@id":"https:\/\/www.homevap.nl\/#\/schema\/logo\/image\/","url":"https:\/\/www.homevap.nl\/wp-content\/uploads\/2024\/01\/HomEvap-logo-met-pay-off_NEW_vrijstaand.png","contentUrl":"https:\/\/www.homevap.nl\/wp-content\/uploads\/2024\/01\/HomEvap-logo-met-pay-off_NEW_vrijstaand.png","width":1497,"height":616,"caption":"HomEvap"},"image":{"@id":"https:\/\/www.homevap.nl\/#\/schema\/logo\/image\/"},"sameAs":["https:\/\/www.facebook.com\/profile.php?id=61572336793285","https:\/\/www.linkedin.com\/company\/homevap\/?viewAsMember=true"]}]}},"_links":{"self":[{"href":"https:\/\/www.homevap.nl\/lt\/wp-json\/wp\/v2\/pages\/3650","targetHints":{"allow":["GET"]}}],"collection":[{"href":"https:\/\/www.homevap.nl\/lt\/wp-json\/wp\/v2\/pages"}],"about":[{"href":"https:\/\/www.homevap.nl\/lt\/wp-json\/wp\/v2\/types\/page"}],"author":[{"embeddable":true,"href":"https:\/\/www.homevap.nl\/lt\/wp-json\/wp\/v2\/users\/1"}],"replies":[{"embeddable":true,"href":"https:\/\/www.homevap.nl\/lt\/wp-json\/wp\/v2\/comments?post=3650"}],"version-history":[{"count":0,"href":"https:\/\/www.homevap.nl\/lt\/wp-json\/wp\/v2\/pages\/3650\/revisions"}],"wp:attachment":[{"href":"https:\/\/www.homevap.nl\/lt\/wp-json\/wp\/v2\/media?parent=3650"}],"curies":[{"name":"wp","href":"https:\/\/api.w.org\/{rel}","templated":true}]}}