{"id":3653,"date":"2021-09-21T18:07:27","date_gmt":"2021-09-21T18:07:27","guid":{"rendered":"https:\/\/homevap.wp.staat-klaar.nl\/?page_id=3653"},"modified":"2023-10-04T10:20:06","modified_gmt":"2023-10-04T10:20:06","slug":"privatumo-pareiskimas","status":"publish","type":"page","link":"https:\/\/www.homevap.nl\/lt\/privatumo-pareiskimas\/","title":{"rendered":"Privatumo parei\u0161kimas"},"content":{"rendered":"<div data-elementor-type=\"wp-page\" data-elementor-id=\"3653\" class=\"elementor elementor-3653\">\n\t\t\t\t\t\t\t\t\t<section class=\"elementor-section elementor-top-section elementor-element elementor-element-34f10e62 elementor-section-boxed elementor-section-height-default elementor-section-height-default\" data-id=\"34f10e62\" data-element_type=\"section\" data-settings=\"{&quot;jet_parallax_layout_list&quot;:[{&quot;jet_parallax_layout_image&quot;:{&quot;url&quot;:&quot;&quot;,&quot;id&quot;:&quot;&quot;,&quot;size&quot;:&quot;&quot;},&quot;_id&quot;:&quot;31baa34&quot;,&quot;jet_parallax_layout_image_tablet&quot;:{&quot;url&quot;:&quot;&quot;,&quot;id&quot;:&quot;&quot;,&quot;size&quot;:&quot;&quot;},&quot;jet_parallax_layout_image_mobile&quot;:{&quot;url&quot;:&quot;&quot;,&quot;id&quot;:&quot;&quot;,&quot;size&quot;:&quot;&quot;},&quot;jet_parallax_layout_speed&quot;:{&quot;unit&quot;:&quot;%&quot;,&quot;size&quot;:50,&quot;sizes&quot;:[]},&quot;jet_parallax_layout_type&quot;:&quot;scroll&quot;,&quot;jet_parallax_layout_direction&quot;:&quot;1&quot;,&quot;jet_parallax_layout_fx_direction&quot;:null,&quot;jet_parallax_layout_z_index&quot;:&quot;&quot;,&quot;jet_parallax_layout_bg_x&quot;:50,&quot;jet_parallax_layout_bg_x_tablet&quot;:&quot;&quot;,&quot;jet_parallax_layout_bg_x_mobile&quot;:&quot;&quot;,&quot;jet_parallax_layout_bg_y&quot;:50,&quot;jet_parallax_layout_bg_y_tablet&quot;:&quot;&quot;,&quot;jet_parallax_layout_bg_y_mobile&quot;:&quot;&quot;,&quot;jet_parallax_layout_bg_size&quot;:&quot;auto&quot;,&quot;jet_parallax_layout_bg_size_tablet&quot;:&quot;&quot;,&quot;jet_parallax_layout_bg_size_mobile&quot;:&quot;&quot;,&quot;jet_parallax_layout_animation_prop&quot;:&quot;transform&quot;,&quot;jet_parallax_layout_on&quot;:[&quot;desktop&quot;,&quot;tablet&quot;]}]}\">\r\n\t\t\t\r\n\t\t\t\t\t\t\t\t\t<div class=\"elementor-container elementor-column-gap-default\">\r\n\t\t\t\t\t\t\t\t\t\t\t<div class=\"elementor-column elementor-col-100 elementor-top-column elementor-element elementor-element-3159bffe\" data-id=\"3159bffe\" data-element_type=\"column\">\r\n\r\n\t\t\t\t\t<div class=\"elementor-widget-wrap elementor-element-populated\">\r\n\t\t\t\t\t\t\t\t<div class=\"elementor-element elementor-element-7bc31e02 elementor-widget elementor-widget-text-editor\" data-id=\"7bc31e02\" data-element_type=\"widget\" data-widget_type=\"text-editor.default\">\n\t\t\t\t<div class=\"elementor-widget-container\">\n\t\t\t\t\t\t\t<p>D\u017eiaugiam\u0117s j\u016bs\u0173 apsilankymu m\u016bs\u0173 svetain\u0117je. Norime, kad naudodamiesi m\u016bs\u0173 svetaine jaustum\u0117t\u0117s saug\u016bs, tod\u0117l esame \u012fsipareigoj\u0119 saugoti j\u016bs\u0173 asmens duomenis. Toliau rasite paai\u0161kinim\u0105, koki\u0105 informacij\u0105 renkame savo svetain\u0117je ir kaip \u0161i informacija naudojama.<\/p><h2>I\u0161leido<\/h2><p><strong>Homevap B.V.<\/strong><br \/>Kerkenbosas 1348<br \/>6546 BG Nijmegenas, Nyderlandai<\/p><p>T. +31(0)24 355 89 83<br \/>E. <a href=\"mailto:info@homevap.com\">info@homevap.com<\/a><\/p><h2>Surinkti duomenys<\/h2><p>Renkame anoniminius duomenis, kad su\u017einotume, kaip naudojamasi m\u016bs\u0173 svetaine. Per kontaktin\u0119 form\u0105 renkame asmens duomenis.<\/p><h2>Prieiga prie j\u016bs\u0173 asmens duomen\u0173<\/h2><p>Nor\u0117dami per\u017ei\u016br\u0117ti, pakeisti arba i\u0161trinti savo asmens duomenis, susisiekite su mumis adresu <a href=\"mailto:info@homevap.com\">info@homevap.com<\/a>.<\/p><h2>Asmens duomen\u0173 saugojimas<\/h2><p>J\u016bs\u0173 duomenis naudosime susisiekti su jumis, po to jie bus i\u0161trinti.<\/p><h2>Dalijimasis duomenimis<\/h2><p>J\u016bs\u0173 duomenimis (nuasmenintais ar kitais) dalijam\u0117s su:<\/p><ul><li>\"Google Analytics\": anoniminiai duomenys naudojami statistiniams duomenims apie naudojim\u0105si m\u016bs\u0173 svetaine rinkti.<\/li><\/ul><h2>Kur saugomi j\u016bs\u0173 duomenys?<\/h2><p>J\u016bs\u0173 duomenys saugomi \"ProfitFlow B.V.\" serveriuose, esan\u010diuose duomen\u0173 centre Nyderlanduose.<\/p><h2>Slapuk\u0173 naudojimas<\/h2><p>M\u016bs\u0173 svetain\u0117je naudojami \u0161ie slapukai:<\/p><ul><li>\u012evair\u016bs i\u0161orini\u0173 tiek\u0117j\u0173 slapukai: \"Google Analytics\". \u0160iuose slapukuose surinktoje informacijoje n\u0117ra joki\u0173 asmens duomen\u0173.<\/li><\/ul><h2>Duomen\u0173 nepateikimo pasekm\u0117s<\/h2><p>J\u016bs\u0173 asmens duomen\u0173 pra\u0161ome tik tada, kai u\u017epildote m\u016bs\u0173 kontaktin\u0119 form\u0105. Jei \u0161iuo tikslu nenorite pateikti savo asmens duomen\u0173, mes negal\u0117sime su jumis susisiekti.<\/p><h2>Automatinis sprendim\u0173 pri\u0117mimas<\/h2><p>Remiantis j\u016bs\u0173 pateiktais asmens duomenimis, automatizuotas sprendim\u0173 pri\u0117mimas netaikomas.<\/p><h2>Sutikimo at\u0161aukimas<\/h2><p>Visada turite teis\u0119 at\u0161aukti savo sutikim\u0105 rinkti asmens duomenis. Nor\u0117dami tai padaryti, galite atsi\u0173sti mums pra\u0161ym\u0105 el. pa\u0161tu\u00a0<a href=\"mailto:info@homevap.com\">info@homevap.com<\/a>.<\/p><h2>Teis\u0117 prie\u0161tarauti<\/h2><p>Galite nesutikti, kad tvarkytume j\u016bs\u0173 asmens duomenis, si\u0173sdami el. <a href=\"mailto:info@homevap.com\">info@homevap.com<\/a>.<\/p><h2>Asmens duomen\u0173 institucija<\/h2><p>Visada turite teis\u0119 pateikti skund\u0105\u00a0<a href=\"https:\/\/www.autoriteitpersoonsgegevens.nl\/nl\/contact-met-de-autoriteit-persoonsgegevens\/tip-ons\" target=\"_blank\" rel=\"noopener\">Asmens duomen\u0173 institucija<\/a>, \u017einoma, b\u016bsime d\u0117kingi, jei pirmiausia su mumis susisieksite, kad gal\u0117tume i\u0161spr\u0119sti problem\u0105.<\/p>\t\t\t\t\t\t<\/div>\n\t\t\t\t<\/div>\n\t\t\t\t\t<\/div>\r\n\t\t\t\t<\/div>\r\n\t\t\t\t\t\t<\/div>\r\n\t\t\t\t<\/section>\r\n\t\t\t\t\t\t\t<\/div>","protected":false},"excerpt":{"rendered":"<p>D\u017eiaugiam\u0117s j\u016bs\u0173 apsilankymu m\u016bs\u0173 svetain\u0117je. Norime, kad naudodamiesi m\u016bs\u0173 svetaine jaustum\u0117t\u0117s saug\u016bs, tod\u0117l esame \u012fsipareigoj\u0119 saugoti j\u016bs\u0173 asmens duomenis. Toliau pateikiame paai\u0161kinim\u0105, koki\u0105 informacij\u0105 renkame savo svetain\u0117je ir kaip ji naudojama. Paskelbta [...]<\/p>","protected":false},"author":1,"featured_media":0,"parent":0,"menu_order":0,"comment_status":"closed","ping_status":"closed","template":"","meta":{"footnotes":"","_links_to":"","_links_to_target":""},"class_list":["post-3653","page","type-page","status-publish","hentry"],"yoast_head":"<!-- This site is optimized with the Yoast SEO plugin v25.7 - https:\/\/yoast.com\/wordpress\/plugins\/seo\/ -->\n<title>Privacy Statement - Homevap<\/title>\n<meta name=\"robots\" content=\"index, follow, max-snippet:-1, max-image-preview:large, max-video-preview:-1\" \/>\n<link rel=\"canonical\" href=\"https:\/\/www.homevap.nl\/lt\/privatumo-pareiskimas\/\" \/>\n<meta property=\"og:locale\" content=\"lt_LT\" \/>\n<meta property=\"og:type\" content=\"article\" \/>\n<meta property=\"og:title\" content=\"Privacy Statement - Homevap\" \/>\n<meta property=\"og:description\" content=\"Wij zijn blij met uw bezoek aan onze website. Wij willen dat u zich veilig voelt wanneer u onze website gebruikt en hechten dan ook veel waarde aan de bescherming van uw persoonlijke gegevens. Hieronder vindt u uitleg over de informatie die wij via onze website verzamelen en hoe deze informatie wordt gebruikt. Gepubliceerd door [&hellip;]\" \/>\n<meta property=\"og:url\" content=\"https:\/\/www.homevap.nl\/lt\/privatumo-pareiskimas\/\" \/>\n<meta property=\"og:site_name\" content=\"Homevap\" \/>\n<meta property=\"article:publisher\" content=\"https:\/\/www.facebook.com\/profile.php?id=61572336793285\" \/>\n<meta property=\"article:modified_time\" content=\"2023-10-04T10:20:06+00:00\" \/>\n<meta name=\"twitter:card\" content=\"summary_large_image\" \/>\n<meta name=\"twitter:label1\" content=\"Est. reading time\" \/>\n\t<meta name=\"twitter:data1\" content=\"2 minut\u0117s\" \/>\n<script type=\"application\/ld+json\" class=\"yoast-schema-graph\">{\"@context\":\"https:\/\/schema.org\",\"@graph\":[{\"@type\":\"WebPage\",\"@id\":\"https:\/\/www.homevap.nl\/privacy-statement\/\",\"url\":\"https:\/\/www.homevap.nl\/privacy-statement\/\",\"name\":\"Privacy Statement - Homevap\",\"isPartOf\":{\"@id\":\"https:\/\/www.homevap.nl\/#website\"},\"datePublished\":\"2021-09-21T18:07:27+00:00\",\"dateModified\":\"2023-10-04T10:20:06+00:00\",\"breadcrumb\":{\"@id\":\"https:\/\/www.homevap.nl\/privacy-statement\/#breadcrumb\"},\"inLanguage\":\"lt-LT\",\"potentialAction\":[{\"@type\":\"ReadAction\",\"target\":[\"https:\/\/www.homevap.nl\/privacy-statement\/\"]}]},{\"@type\":\"BreadcrumbList\",\"@id\":\"https:\/\/www.homevap.nl\/privacy-statement\/#breadcrumb\",\"itemListElement\":[{\"@type\":\"ListItem\",\"position\":1,\"name\":\"Home\",\"item\":\"https:\/\/www.homevap.nl\/\"},{\"@type\":\"ListItem\",\"position\":2,\"name\":\"Privacy Statement\"}]},{\"@type\":\"WebSite\",\"@id\":\"https:\/\/www.homevap.nl\/#website\",\"url\":\"https:\/\/www.homevap.nl\/\",\"name\":\"HomEvap\",\"description\":\"Brings cool humidity at home\",\"publisher\":{\"@id\":\"https:\/\/www.homevap.nl\/#organization\"},\"potentialAction\":[{\"@type\":\"SearchAction\",\"target\":{\"@type\":\"EntryPoint\",\"urlTemplate\":\"https:\/\/www.homevap.nl\/?s={search_term_string}\"},\"query-input\":{\"@type\":\"PropertyValueSpecification\",\"valueRequired\":true,\"valueName\":\"search_term_string\"}}],\"inLanguage\":\"lt-LT\"},{\"@type\":\"Organization\",\"@id\":\"https:\/\/www.homevap.nl\/#organization\",\"name\":\"HomEvap\",\"url\":\"https:\/\/www.homevap.nl\/\",\"logo\":{\"@type\":\"ImageObject\",\"inLanguage\":\"lt-LT\",\"@id\":\"https:\/\/www.homevap.nl\/#\/schema\/logo\/image\/\",\"url\":\"https:\/\/www.homevap.nl\/wp-content\/uploads\/2024\/01\/HomEvap-logo-met-pay-off_NEW_vrijstaand.png\",\"contentUrl\":\"https:\/\/www.homevap.nl\/wp-content\/uploads\/2024\/01\/HomEvap-logo-met-pay-off_NEW_vrijstaand.png\",\"width\":1497,\"height\":616,\"caption\":\"HomEvap\"},\"image\":{\"@id\":\"https:\/\/www.homevap.nl\/#\/schema\/logo\/image\/\"},\"sameAs\":[\"https:\/\/www.facebook.com\/profile.php?id=61572336793285\",\"https:\/\/www.linkedin.com\/company\/homevap\/?viewAsMember=true\"]}]}<\/script>\n<!-- \/ Yoast SEO plugin. -->","yoast_head_json":{"title":"Privatumo deklaracija - Homevap","robots":{"index":"index","follow":"follow","max-snippet":"max-snippet:-1","max-image-preview":"max-image-preview:large","max-video-preview":"max-video-preview:-1"},"canonical":"https:\/\/www.homevap.nl\/lt\/privatumo-pareiskimas\/","og_locale":"lt_LT","og_type":"article","og_title":"Privacy Statement - Homevap","og_description":"Wij zijn blij met uw bezoek aan onze website. Wij willen dat u zich veilig voelt wanneer u onze website gebruikt en hechten dan ook veel waarde aan de bescherming van uw persoonlijke gegevens. Hieronder vindt u uitleg over de informatie die wij via onze website verzamelen en hoe deze informatie wordt gebruikt. Gepubliceerd door [&hellip;]","og_url":"https:\/\/www.homevap.nl\/lt\/privatumo-pareiskimas\/","og_site_name":"Homevap","article_publisher":"https:\/\/www.facebook.com\/profile.php?id=61572336793285","article_modified_time":"2023-10-04T10:20:06+00:00","twitter_card":"summary_large_image","twitter_misc":{"Est. reading time":"2 minut\u0117s"},"schema":{"@context":"https:\/\/schema.org","@graph":[{"@type":"WebPage","@id":"https:\/\/www.homevap.nl\/privacy-statement\/","url":"https:\/\/www.homevap.nl\/privacy-statement\/","name":"Privatumo deklaracija - Homevap","isPartOf":{"@id":"https:\/\/www.homevap.nl\/#website"},"datePublished":"2021-09-21T18:07:27+00:00","dateModified":"2023-10-04T10:20:06+00:00","breadcrumb":{"@id":"https:\/\/www.homevap.nl\/privacy-statement\/#breadcrumb"},"inLanguage":"lt-LT","potentialAction":[{"@type":"ReadAction","target":["https:\/\/www.homevap.nl\/privacy-statement\/"]}]},{"@type":"BreadcrumbList","@id":"https:\/\/www.homevap.nl\/privacy-statement\/#breadcrumb","itemListElement":[{"@type":"ListItem","position":1,"name":"Home","item":"https:\/\/www.homevap.nl\/"},{"@type":"ListItem","position":2,"name":"Privacy Statement"}]},{"@type":"WebSite","@id":"https:\/\/www.homevap.nl\/#website","url":"https:\/\/www.homevap.nl\/","name":"HomEvap","description":"Suteikia v\u0117si\u0105 dr\u0117gm\u0119 namuose","publisher":{"@id":"https:\/\/www.homevap.nl\/#organization"},"potentialAction":[{"@type":"SearchAction","target":{"@type":"EntryPoint","urlTemplate":"https:\/\/www.homevap.nl\/?s={search_term_string}"},"query-input":{"@type":"PropertyValueSpecification","valueRequired":true,"valueName":"search_term_string"}}],"inLanguage":"lt-LT"},{"@type":"Organization","@id":"https:\/\/www.homevap.nl\/#organization","name":"HomEvap","url":"https:\/\/www.homevap.nl\/","logo":{"@type":"ImageObject","inLanguage":"lt-LT","@id":"https:\/\/www.homevap.nl\/#\/schema\/logo\/image\/","url":"https:\/\/www.homevap.nl\/wp-content\/uploads\/2024\/01\/HomEvap-logo-met-pay-off_NEW_vrijstaand.png","contentUrl":"https:\/\/www.homevap.nl\/wp-content\/uploads\/2024\/01\/HomEvap-logo-met-pay-off_NEW_vrijstaand.png","width":1497,"height":616,"caption":"HomEvap"},"image":{"@id":"https:\/\/www.homevap.nl\/#\/schema\/logo\/image\/"},"sameAs":["https:\/\/www.facebook.com\/profile.php?id=61572336793285","https:\/\/www.linkedin.com\/company\/homevap\/?viewAsMember=true"]}]}},"_links":{"self":[{"href":"https:\/\/www.homevap.nl\/lt\/wp-json\/wp\/v2\/pages\/3653","targetHints":{"allow":["GET"]}}],"collection":[{"href":"https:\/\/www.homevap.nl\/lt\/wp-json\/wp\/v2\/pages"}],"about":[{"href":"https:\/\/www.homevap.nl\/lt\/wp-json\/wp\/v2\/types\/page"}],"author":[{"embeddable":true,"href":"https:\/\/www.homevap.nl\/lt\/wp-json\/wp\/v2\/users\/1"}],"replies":[{"embeddable":true,"href":"https:\/\/www.homevap.nl\/lt\/wp-json\/wp\/v2\/comments?post=3653"}],"version-history":[{"count":0,"href":"https:\/\/www.homevap.nl\/lt\/wp-json\/wp\/v2\/pages\/3653\/revisions"}],"wp:attachment":[{"href":"https:\/\/www.homevap.nl\/lt\/wp-json\/wp\/v2\/media?parent=3653"}],"curies":[{"name":"wp","href":"https:\/\/api.w.org\/{rel}","templated":true}]}}