{"id":3653,"date":"2021-09-21T18:07:27","date_gmt":"2021-09-21T18:07:27","guid":{"rendered":"https:\/\/homevap.wp.staat-klaar.nl\/?page_id=3653"},"modified":"2023-10-04T10:20:06","modified_gmt":"2023-10-04T10:20:06","slug":"izjava-o-zasebnosti","status":"publish","type":"page","link":"https:\/\/www.homevap.nl\/sl\/izjava-o-zasebnosti\/","title":{"rendered":"Izjava o zasebnosti"},"content":{"rendered":"<div data-elementor-type=\"wp-page\" data-elementor-id=\"3653\" class=\"elementor elementor-3653\">\n\t\t\t\t\t\t\t\t\t<section class=\"elementor-section elementor-top-section elementor-element elementor-element-34f10e62 elementor-section-boxed elementor-section-height-default elementor-section-height-default\" data-id=\"34f10e62\" data-element_type=\"section\" data-settings=\"{&quot;jet_parallax_layout_list&quot;:[{&quot;jet_parallax_layout_image&quot;:{&quot;url&quot;:&quot;&quot;,&quot;id&quot;:&quot;&quot;,&quot;size&quot;:&quot;&quot;},&quot;_id&quot;:&quot;31baa34&quot;,&quot;jet_parallax_layout_image_tablet&quot;:{&quot;url&quot;:&quot;&quot;,&quot;id&quot;:&quot;&quot;,&quot;size&quot;:&quot;&quot;},&quot;jet_parallax_layout_image_mobile&quot;:{&quot;url&quot;:&quot;&quot;,&quot;id&quot;:&quot;&quot;,&quot;size&quot;:&quot;&quot;},&quot;jet_parallax_layout_speed&quot;:{&quot;unit&quot;:&quot;%&quot;,&quot;size&quot;:50,&quot;sizes&quot;:[]},&quot;jet_parallax_layout_type&quot;:&quot;scroll&quot;,&quot;jet_parallax_layout_direction&quot;:&quot;1&quot;,&quot;jet_parallax_layout_fx_direction&quot;:null,&quot;jet_parallax_layout_z_index&quot;:&quot;&quot;,&quot;jet_parallax_layout_bg_x&quot;:50,&quot;jet_parallax_layout_bg_x_tablet&quot;:&quot;&quot;,&quot;jet_parallax_layout_bg_x_mobile&quot;:&quot;&quot;,&quot;jet_parallax_layout_bg_y&quot;:50,&quot;jet_parallax_layout_bg_y_tablet&quot;:&quot;&quot;,&quot;jet_parallax_layout_bg_y_mobile&quot;:&quot;&quot;,&quot;jet_parallax_layout_bg_size&quot;:&quot;auto&quot;,&quot;jet_parallax_layout_bg_size_tablet&quot;:&quot;&quot;,&quot;jet_parallax_layout_bg_size_mobile&quot;:&quot;&quot;,&quot;jet_parallax_layout_animation_prop&quot;:&quot;transform&quot;,&quot;jet_parallax_layout_on&quot;:[&quot;desktop&quot;,&quot;tablet&quot;]}]}\">\r\n\t\t\t\r\n\t\t\t\t\t\t\t\t\t<div class=\"elementor-container elementor-column-gap-default\">\r\n\t\t\t\t\t\t\t\t\t\t\t<div class=\"elementor-column elementor-col-100 elementor-top-column elementor-element elementor-element-3159bffe\" data-id=\"3159bffe\" data-element_type=\"column\">\r\n\r\n\t\t\t\t\t<div class=\"elementor-widget-wrap elementor-element-populated\">\r\n\t\t\t\t\t\t\t\t<div class=\"elementor-element elementor-element-7bc31e02 elementor-widget elementor-widget-text-editor\" data-id=\"7bc31e02\" data-element_type=\"widget\" data-widget_type=\"text-editor.default\">\n\t\t\t\t<div class=\"elementor-widget-container\">\n\t\t\t\t\t\t\t<p>Veselimo se va\u0161ega obiska na\u0161ega spletnega mesta. \u017delimo, da se pri uporabi na\u0161ega spletnega mesta po\u010dutite varno, zato smo zavezani k varovanju va\u0161ih osebnih podatkov. V nadaljevanju boste na\u0161li pojasnila o podatkih, ki jih zbiramo prek na\u0161ega spletnega mesta, in o tem, kako se ti podatki uporabljajo.<\/p><h2>Izdal je<\/h2><p><strong>Homevap B.V.<\/strong><br \/>Kerkenbos 1348<br \/>6546 BG Nijmegen, NL<\/p><p>T. +31(0)24 355 89 83<br \/>E. <a href=\"mailto:info@homevap.com\">info@homevap.com<\/a><\/p><h2>Zbrani podatki<\/h2><p>Anonimne podatke zbiramo za vpogled v uporabo na\u0161ega spletnega mesta. Prek kontaktnega obrazca zbiramo osebne podatke.<\/p><h2>Dostop do va\u0161ih osebnih podatkov<\/h2><p>\u010ce si \u017eelite ogledati, spremeniti ali izbrisati svoje osebne podatke, se obrnite na nas na <a href=\"mailto:info@homevap.com\">info@homevap.com<\/a>.<\/p><h2>Hramba osebnih podatkov<\/h2><p>Va\u0161e podatke bomo uporabili za stik z vami, nato pa jih bomo izbrisali.<\/p><h2>Souporaba podatkov<\/h2><p>Va\u0161e podatke (anonimizirane ali druge) delimo z:<\/p><ul><li>Google Analytics: anonimni podatki se posredujejo za pripravo statisti\u010dnih podatkov o uporabi na\u0161ega spletnega mesta.<\/li><\/ul><h2>Kje so shranjeni va\u0161i podatki?<\/h2><p>Va\u0161i podatki so shranjeni na stre\u017enikih dru\u017ebe ProfitFlow B.V., ki so name\u0161\u010deni v podatkovnem centru na Nizozemskem.<\/p><h2>Uporaba pi\u0161kotkov<\/h2><p>Na\u0161e spletno mesto uporablja naslednje pi\u0161kotke:<\/p><ul><li>Razli\u010dni pi\u0161kotki zunanjih dobaviteljev: Google Analytics. Informacije, zbrane s temi pi\u0161kotki, ne vsebujejo osebnih podatkov.<\/li><\/ul><h2>Posledice nepredlo\u017eitve podatkov<\/h2><p>Va\u0161e osebne podatke zahtevamo le, ko izpolnite na\u0161 kontaktni obrazec. \u010ce svojih osebnih podatkov v ta namen ne \u017eelite posredovati, z vami ne bomo mogli vzpostaviti stika.<\/p><h2>Avtomatizirano odlo\u010danje<\/h2><p>Na podlagi osebnih podatkov, ki nam jih posredujete, se ne uporablja avtomatizirano odlo\u010danje.<\/p><h2>Umik privolitve<\/h2><p>Vedno imate pravico preklicati soglasje za zbiranje osebnih podatkov. To lahko storite tako, da nam po\u0161ljete zahtevo po elektronski po\u0161ti na naslov\u00a0<a href=\"mailto:info@homevap.com\">info@homevap.com<\/a>.<\/p><h2>Pravica do ugovora<\/h2><p>Na\u0161i obdelavi osebnih podatkov lahko ugovarjate tako, da po\u0161ljete e-po\u0161tno sporo\u010dilo na naslov <a href=\"mailto:info@homevap.com\">info@homevap.com<\/a>.<\/p><h2>Organ za varstvo osebnih podatkov<\/h2><p>Vedno imate pravico vlo\u017eiti prito\u017ebo pri\u00a0<a href=\"https:\/\/www.autoriteitpersoonsgegevens.nl\/nl\/contact-met-de-autoriteit-persoonsgegevens\/tip-ons\" target=\"_blank\" rel=\"noopener\">Organ za varstvo osebnih podatkov<\/a>Seveda bomo veseli, \u010de se boste najprej obrnili na nas, da bomo lahko re\u0161ili te\u017eavo za vas.<\/p>\t\t\t\t\t\t<\/div>\n\t\t\t\t<\/div>\n\t\t\t\t\t<\/div>\r\n\t\t\t\t<\/div>\r\n\t\t\t\t\t\t<\/div>\r\n\t\t\t\t<\/section>\r\n\t\t\t\t\t\t\t<\/div>","protected":false},"excerpt":{"rendered":"<p>Veselimo se va\u0161ega obiska na\u0161ega spletnega mesta. \u017delimo, da se pri uporabi na\u0161ega spletnega mesta po\u010dutite varno, zato smo zavezani k varovanju va\u0161ih osebnih podatkov. V nadaljevanju so pojasnjeni podatki, ki jih zbiramo prek na\u0161ega spletnega mesta, in na\u010din njihove uporabe. Objavlja [...]<\/p>","protected":false},"author":1,"featured_media":0,"parent":0,"menu_order":0,"comment_status":"closed","ping_status":"closed","template":"","meta":{"footnotes":"","_links_to":"","_links_to_target":""},"class_list":["post-3653","page","type-page","status-publish","hentry"],"yoast_head":"<!-- This site is optimized with the Yoast SEO plugin v25.7 - https:\/\/yoast.com\/wordpress\/plugins\/seo\/ -->\n<title>Privacy Statement - Homevap<\/title>\n<meta name=\"robots\" content=\"index, follow, max-snippet:-1, max-image-preview:large, max-video-preview:-1\" \/>\n<link rel=\"canonical\" href=\"https:\/\/www.homevap.nl\/sl\/izjava-o-zasebnosti\/\" \/>\n<meta property=\"og:locale\" content=\"sl_SI\" \/>\n<meta property=\"og:type\" content=\"article\" \/>\n<meta property=\"og:title\" content=\"Privacy Statement - Homevap\" \/>\n<meta property=\"og:description\" content=\"Wij zijn blij met uw bezoek aan onze website. Wij willen dat u zich veilig voelt wanneer u onze website gebruikt en hechten dan ook veel waarde aan de bescherming van uw persoonlijke gegevens. Hieronder vindt u uitleg over de informatie die wij via onze website verzamelen en hoe deze informatie wordt gebruikt. Gepubliceerd door [&hellip;]\" \/>\n<meta property=\"og:url\" content=\"https:\/\/www.homevap.nl\/sl\/izjava-o-zasebnosti\/\" \/>\n<meta property=\"og:site_name\" content=\"Homevap\" \/>\n<meta property=\"article:publisher\" content=\"https:\/\/www.facebook.com\/profile.php?id=61572336793285\" \/>\n<meta property=\"article:modified_time\" content=\"2023-10-04T10:20:06+00:00\" \/>\n<meta name=\"twitter:card\" content=\"summary_large_image\" \/>\n<meta name=\"twitter:label1\" content=\"Est. reading time\" \/>\n\t<meta name=\"twitter:data1\" content=\"2 minuti\" \/>\n<script type=\"application\/ld+json\" class=\"yoast-schema-graph\">{\"@context\":\"https:\/\/schema.org\",\"@graph\":[{\"@type\":\"WebPage\",\"@id\":\"https:\/\/www.homevap.nl\/privacy-statement\/\",\"url\":\"https:\/\/www.homevap.nl\/privacy-statement\/\",\"name\":\"Privacy Statement - Homevap\",\"isPartOf\":{\"@id\":\"https:\/\/www.homevap.nl\/#website\"},\"datePublished\":\"2021-09-21T18:07:27+00:00\",\"dateModified\":\"2023-10-04T10:20:06+00:00\",\"breadcrumb\":{\"@id\":\"https:\/\/www.homevap.nl\/privacy-statement\/#breadcrumb\"},\"inLanguage\":\"sl-SI\",\"potentialAction\":[{\"@type\":\"ReadAction\",\"target\":[\"https:\/\/www.homevap.nl\/privacy-statement\/\"]}]},{\"@type\":\"BreadcrumbList\",\"@id\":\"https:\/\/www.homevap.nl\/privacy-statement\/#breadcrumb\",\"itemListElement\":[{\"@type\":\"ListItem\",\"position\":1,\"name\":\"Home\",\"item\":\"https:\/\/www.homevap.nl\/\"},{\"@type\":\"ListItem\",\"position\":2,\"name\":\"Privacy Statement\"}]},{\"@type\":\"WebSite\",\"@id\":\"https:\/\/www.homevap.nl\/#website\",\"url\":\"https:\/\/www.homevap.nl\/\",\"name\":\"HomEvap\",\"description\":\"Brings cool humidity at home\",\"publisher\":{\"@id\":\"https:\/\/www.homevap.nl\/#organization\"},\"potentialAction\":[{\"@type\":\"SearchAction\",\"target\":{\"@type\":\"EntryPoint\",\"urlTemplate\":\"https:\/\/www.homevap.nl\/?s={search_term_string}\"},\"query-input\":{\"@type\":\"PropertyValueSpecification\",\"valueRequired\":true,\"valueName\":\"search_term_string\"}}],\"inLanguage\":\"sl-SI\"},{\"@type\":\"Organization\",\"@id\":\"https:\/\/www.homevap.nl\/#organization\",\"name\":\"HomEvap\",\"url\":\"https:\/\/www.homevap.nl\/\",\"logo\":{\"@type\":\"ImageObject\",\"inLanguage\":\"sl-SI\",\"@id\":\"https:\/\/www.homevap.nl\/#\/schema\/logo\/image\/\",\"url\":\"https:\/\/www.homevap.nl\/wp-content\/uploads\/2024\/01\/HomEvap-logo-met-pay-off_NEW_vrijstaand.png\",\"contentUrl\":\"https:\/\/www.homevap.nl\/wp-content\/uploads\/2024\/01\/HomEvap-logo-met-pay-off_NEW_vrijstaand.png\",\"width\":1497,\"height\":616,\"caption\":\"HomEvap\"},\"image\":{\"@id\":\"https:\/\/www.homevap.nl\/#\/schema\/logo\/image\/\"},\"sameAs\":[\"https:\/\/www.facebook.com\/profile.php?id=61572336793285\",\"https:\/\/www.linkedin.com\/company\/homevap\/?viewAsMember=true\"]}]}<\/script>\n<!-- \/ Yoast SEO plugin. -->","yoast_head_json":{"title":"Izjava o zasebnosti - Homevap","robots":{"index":"index","follow":"follow","max-snippet":"max-snippet:-1","max-image-preview":"max-image-preview:large","max-video-preview":"max-video-preview:-1"},"canonical":"https:\/\/www.homevap.nl\/sl\/izjava-o-zasebnosti\/","og_locale":"sl_SI","og_type":"article","og_title":"Privacy Statement - Homevap","og_description":"Wij zijn blij met uw bezoek aan onze website. Wij willen dat u zich veilig voelt wanneer u onze website gebruikt en hechten dan ook veel waarde aan de bescherming van uw persoonlijke gegevens. Hieronder vindt u uitleg over de informatie die wij via onze website verzamelen en hoe deze informatie wordt gebruikt. Gepubliceerd door [&hellip;]","og_url":"https:\/\/www.homevap.nl\/sl\/izjava-o-zasebnosti\/","og_site_name":"Homevap","article_publisher":"https:\/\/www.facebook.com\/profile.php?id=61572336793285","article_modified_time":"2023-10-04T10:20:06+00:00","twitter_card":"summary_large_image","twitter_misc":{"Est. reading time":"2 minuti"},"schema":{"@context":"https:\/\/schema.org","@graph":[{"@type":"WebPage","@id":"https:\/\/www.homevap.nl\/privacy-statement\/","url":"https:\/\/www.homevap.nl\/privacy-statement\/","name":"Izjava o zasebnosti - Homevap","isPartOf":{"@id":"https:\/\/www.homevap.nl\/#website"},"datePublished":"2021-09-21T18:07:27+00:00","dateModified":"2023-10-04T10:20:06+00:00","breadcrumb":{"@id":"https:\/\/www.homevap.nl\/privacy-statement\/#breadcrumb"},"inLanguage":"sl-SI","potentialAction":[{"@type":"ReadAction","target":["https:\/\/www.homevap.nl\/privacy-statement\/"]}]},{"@type":"BreadcrumbList","@id":"https:\/\/www.homevap.nl\/privacy-statement\/#breadcrumb","itemListElement":[{"@type":"ListItem","position":1,"name":"Home","item":"https:\/\/www.homevap.nl\/"},{"@type":"ListItem","position":2,"name":"Privacy Statement"}]},{"@type":"WebSite","@id":"https:\/\/www.homevap.nl\/#website","url":"https:\/\/www.homevap.nl\/","name":"HomEvap","description":"Prina\u0161a hladno vlago na dom","publisher":{"@id":"https:\/\/www.homevap.nl\/#organization"},"potentialAction":[{"@type":"SearchAction","target":{"@type":"EntryPoint","urlTemplate":"https:\/\/www.homevap.nl\/?s={search_term_string}"},"query-input":{"@type":"PropertyValueSpecification","valueRequired":true,"valueName":"search_term_string"}}],"inLanguage":"sl-SI"},{"@type":"Organization","@id":"https:\/\/www.homevap.nl\/#organization","name":"HomEvap","url":"https:\/\/www.homevap.nl\/","logo":{"@type":"ImageObject","inLanguage":"sl-SI","@id":"https:\/\/www.homevap.nl\/#\/schema\/logo\/image\/","url":"https:\/\/www.homevap.nl\/wp-content\/uploads\/2024\/01\/HomEvap-logo-met-pay-off_NEW_vrijstaand.png","contentUrl":"https:\/\/www.homevap.nl\/wp-content\/uploads\/2024\/01\/HomEvap-logo-met-pay-off_NEW_vrijstaand.png","width":1497,"height":616,"caption":"HomEvap"},"image":{"@id":"https:\/\/www.homevap.nl\/#\/schema\/logo\/image\/"},"sameAs":["https:\/\/www.facebook.com\/profile.php?id=61572336793285","https:\/\/www.linkedin.com\/company\/homevap\/?viewAsMember=true"]}]}},"_links":{"self":[{"href":"https:\/\/www.homevap.nl\/sl\/wp-json\/wp\/v2\/pages\/3653","targetHints":{"allow":["GET"]}}],"collection":[{"href":"https:\/\/www.homevap.nl\/sl\/wp-json\/wp\/v2\/pages"}],"about":[{"href":"https:\/\/www.homevap.nl\/sl\/wp-json\/wp\/v2\/types\/page"}],"author":[{"embeddable":true,"href":"https:\/\/www.homevap.nl\/sl\/wp-json\/wp\/v2\/users\/1"}],"replies":[{"embeddable":true,"href":"https:\/\/www.homevap.nl\/sl\/wp-json\/wp\/v2\/comments?post=3653"}],"version-history":[{"count":0,"href":"https:\/\/www.homevap.nl\/sl\/wp-json\/wp\/v2\/pages\/3653\/revisions"}],"wp:attachment":[{"href":"https:\/\/www.homevap.nl\/sl\/wp-json\/wp\/v2\/media?parent=3653"}],"curies":[{"name":"wp","href":"https:\/\/api.w.org\/{rel}","templated":true}]}}